{"id":1125,"date":"2021-01-14T09:51:19","date_gmt":"2021-01-14T08:51:19","guid":{"rendered":"https:\/\/www.euralexgroup.com\/algemene-voorwaarden\/"},"modified":"2026-01-19T13:40:32","modified_gmt":"2026-01-19T12:40:32","slug":"algemene-voorwaarden","status":"publish","type":"page","link":"https:\/\/www.euralexgroup.com\/nl\/algemene-voorwaarden\/","title":{"rendered":"Algemene voorwaarden"},"content":{"rendered":"<h3>1. ALGEMEEN<\/h3>\n<p>Wij doen er alles aan om onze cli\u00ebnten een optimale dienstverlening te verstrekken. Een vlotte interactie en samenwerking tussen advocaat en cli\u00ebnt is daarbij zeer belangrijk. De dienstverlening van een advocaat is immers maatwerk, gebaseerd op concrete feiten en verwachtingen van de cli\u00ebnt. Wij verwachten dus dat onze relatie met onze cli\u00ebnten niet alleen aangenaam en constructief verloopt, maar ook dat deze zich kenmerkt door wederzijds dynamisme en effici\u00ebntie.<\/p>\n<p>Wat betreft onze Belgische advocatuur beschikken we over een derdenrekening. Wat betreft onze Nederlandste advocatuur kunnen we geen derdengelden ontvangen omdat we voor Nederland geen stichting derdengelden ter beschikking hebben.<\/p>\n<h3>2. ONZE ERELONEN EN KOSTEN<\/h3>\n<p><strong>2.2. KOSTEN EN UITGAVEN<\/strong><\/p>\n<p>Er wordt forfaitair 5% op het ereloon aangerekend als vergoeding voor diverse algemene kosten.<\/p>\n<p>Het raadplegen van bepaalde externe databanken kan tegen kostprijs worden aangerekend.<\/p>\n<p>Wij behouden on het recht voor om ook de kostprijs van ongewone of complexe fotokopieerwerkzaamheden tegen kostprijs aan te rekenen.<\/p>\n<p>De kosten van aangetekende brieven, koeriers, gerechtsdeurwaarders, griffierechten, experts, vertalers, enz. worden tegen kostprijs aangerekend.<\/p>\n<p>Reiskosten per auto (behalve per taxi) worden gefactureerd tegen 0,50 euro per kilometer; andere reiskosten (taxi, trein, vliegtuig, \u2026) of parkeerkosten worden tegen kostprijs aangerekend.<\/p>\n<p><strong>2.3. BELASTING OP DE TOEGEVOEGDE WAARDE<\/strong><\/p>\n<p>BTW (indien van toepassing) wordt automatisch toegevoegd aan het bedrag van onze erelonen en kosten.<\/p>\n<h3>3. BETALING VAN ONZE FACTUREN<\/h3>\n<p>Onze facturen zijn bij de ontvangst ervan te betalen.<\/p>\n<p>Elk niet op de vervaldag betaald bedrag zal vanaf de factuurdatum een intrest van 10% per jaar opbrengen (berekend per kalenderdag) en dit van rechtswege zonder ingebrekestelling. Daarenboven zal elk niet op de vervaldag betaalde bedrag vermeerderd worden met een forfaitaire schadevergoeding van 10%, met een minimum van honderd euro per factuur, van het niet-betaalde bedrag en dit van rechtswege en zonder ingebrekestelling.<\/p>\n<h3>4. CONTRACTUELE RELATIE EN BEROEPSAANSPRAKELIJKHEID<\/h3>\n<p>De contractuele relatie tussen de cli\u00ebnt en de individuele advocaat wordt geregeld door onderhavige algemene voorwaarden, door de eventuele individuele afspraken tussen de cli\u00ebnt en de individuele advocaat, en door de juridische vermeldingen beschikbaar op deze website. <a href=\"https:\/\/www.euralexgroup.com\/nl\/wettelijke-vermeldingen\/\"><u>Klik hier<\/u><\/a> voor onze juridische vermeldingen.<\/p>\n<p>De contractuele verhouding cli\u00ebnt\u2013advocaat bestaat tussen de cli\u00ebnt en de individuele advocaat van de groepering. Alleen die advocaat is eventueel aansprakelijk tegenover de cli\u00ebnt. Elke advocaat van de groepering heeft een professionele aansprakelijkheidsverzekering voor eventuele fouten en nalatigheden in de uitoefening van zijn beroep. De aansprakelijkheid van de advocaten van de groepering is beperkt tot de verzekeringsdekking en de daadwerkelijke uitkering door de verzekeraar. Deze grens kan desgevallend op verzoek van de cli\u00ebnt verhoogd worden, mits akkoord van de advocaat, met dien verstande dat de overeenkomst tot een dergelijke verhoging enkel kan blijken uit een uitdrukkelijk geschreven akkoord uitgaande van de betrokken advocaat. Een verzekeringscertificaat wordt kosteloos overgemaakt op eerste verzoek. De verhouding met de cli\u00ebnt wordt beheerst door het Belgisch recht (met uitsluiting van de verwijzingsregels, zodat de regels van het internationaal privaatrecht niet kunnen leiden tot doorverwijzing naar een ander rechtsstelsel of terugverwijzing). In geval van enige betwisting, van welke aard ook, zijn enkel de Rechtbanken van Brussel bevoegd, met uitsluiting van andere rechtsmachten, ook in geval van vorderingen tot vrijwaring of andere vorderingen van derden, aanhangigheid, samenhang en andere procedure-incidenten. \u00a0De cli\u00ebnt vrijwaart de advocaat tegen alle aanspraken van derden die op enige wijze verband houden met of voortvloeien uit de opdracht van de cli\u00ebnt en\/of de werkzaamheden die voor de cli\u00ebnt zijn verricht.<\/p>\n<p>De cli\u00ebnt gaat akkoord dat de advocaat beroep kan doen op andere (interne of externe) advocaten voor de uitvoering van zijn opdracht of op derden niet-advocaten zoals gerechtsdeurwaarders, technische adviseurs, enz. en aanvaardt dat hij niet aansprakelijk kan worden gesteld voor de daden of nalatigheden van dergelijke advocaten of derden niet-advocaten.<\/p>\n<h3>5. TOEPASSELIJKE RECHT EN BEVOEGDHEID<\/h3>\n<p>Op onderhavige algemene voorwaarden, de interpretatie en de toepassing ervan, is het Belgisch recht van toepassing. De algemene voorwaarden van de cli\u00ebnt zijn niet van toepassing.<\/p>\n<p>Elke betwisting met betrekking tot onze tussenkomst behoort tot de uitsluitende bevoegdheid van de rechtbanken te Brussel.<\/p>\n","protected":false},"excerpt":{"rendered":"<p>1. ALGEMEEN Wij doen er alles aan om onze cli\u00ebnten een optimale dienstverlening te verstrekken. Een vlotte interactie en samenwerking tussen advocaat en cli\u00ebnt is daarbij zeer belangrijk. De dienstverlening van een advocaat is immers maatwerk, gebaseerd op concrete feiten en verwachtingen van de cli\u00ebnt. Wij verwachten dus dat onze relatie met onze cli\u00ebnten niet [&hellip;]<\/p>\n","protected":false},"author":2,"featured_media":0,"parent":0,"menu_order":0,"comment_status":"closed","ping_status":"closed","template":"","meta":[],"yoast_head":"<!-- This site is optimized with the Yoast SEO plugin v15.6.2 - https:\/\/yoast.com\/wordpress\/plugins\/seo\/ -->\n<title>Algemene voorwaarden - Euralexgroup<\/title>\n<meta name=\"robots\" content=\"index, follow, max-snippet:-1, max-image-preview:large, max-video-preview:-1\" \/>\n<link rel=\"canonical\" href=\"https:\/\/www.euralexgroup.com\/nl\/algemene-voorwaarden\/\" \/>\n<meta property=\"og:locale\" content=\"nl_NL\" \/>\n<meta property=\"og:type\" content=\"article\" \/>\n<meta property=\"og:title\" content=\"Algemene voorwaarden - Euralexgroup\" \/>\n<meta property=\"og:description\" content=\"1. ALGEMEEN Wij doen er alles aan om onze cli\u00ebnten een optimale dienstverlening te verstrekken. Een vlotte interactie en samenwerking tussen advocaat en cli\u00ebnt is daarbij zeer belangrijk. De dienstverlening van een advocaat is immers maatwerk, gebaseerd op concrete feiten en verwachtingen van de cli\u00ebnt. Wij verwachten dus dat onze relatie met onze cli\u00ebnten niet [&hellip;]\" \/>\n<meta property=\"og:url\" content=\"https:\/\/www.euralexgroup.com\/nl\/algemene-voorwaarden\/\" \/>\n<meta property=\"og:site_name\" content=\"Euralexgroup\" \/>\n<meta property=\"article:modified_time\" content=\"2026-01-19T12:40:32+00:00\" \/>\n<meta name=\"twitter:card\" content=\"summary_large_image\" \/>\n<meta name=\"twitter:label1\" content=\"Geschatte leestijd\">\n\t<meta name=\"twitter:data1\" content=\"3 minuten\">\n<script type=\"application\/ld+json\" class=\"yoast-schema-graph\">{\"@context\":\"https:\/\/schema.org\",\"@graph\":[{\"@type\":\"WebSite\",\"@id\":\"https:\/\/www.euralexgroup.com\/#website\",\"url\":\"https:\/\/www.euralexgroup.com\/\",\"name\":\"Euralexgroup\",\"description\":\"Result oriented business lawyers\",\"potentialAction\":[{\"@type\":\"SearchAction\",\"target\":\"https:\/\/www.euralexgroup.com\/?s={search_term_string}\",\"query-input\":\"required name=search_term_string\"}],\"inLanguage\":\"nl\"},{\"@type\":\"WebPage\",\"@id\":\"https:\/\/www.euralexgroup.com\/nl\/algemene-voorwaarden\/#webpage\",\"url\":\"https:\/\/www.euralexgroup.com\/nl\/algemene-voorwaarden\/\",\"name\":\"Algemene voorwaarden - Euralexgroup\",\"isPartOf\":{\"@id\":\"https:\/\/www.euralexgroup.com\/#website\"},\"datePublished\":\"2021-01-14T08:51:19+00:00\",\"dateModified\":\"2026-01-19T12:40:32+00:00\",\"inLanguage\":\"nl\",\"potentialAction\":[{\"@type\":\"ReadAction\",\"target\":[\"https:\/\/www.euralexgroup.com\/nl\/algemene-voorwaarden\/\"]}]}]}<\/script>\n<!-- \/ Yoast SEO plugin. -->","_links":{"self":[{"href":"https:\/\/www.euralexgroup.com\/nl\/wp-json\/wp\/v2\/pages\/1125"}],"collection":[{"href":"https:\/\/www.euralexgroup.com\/nl\/wp-json\/wp\/v2\/pages"}],"about":[{"href":"https:\/\/www.euralexgroup.com\/nl\/wp-json\/wp\/v2\/types\/page"}],"author":[{"embeddable":true,"href":"https:\/\/www.euralexgroup.com\/nl\/wp-json\/wp\/v2\/users\/2"}],"replies":[{"embeddable":true,"href":"https:\/\/www.euralexgroup.com\/nl\/wp-json\/wp\/v2\/comments?post=1125"}],"version-history":[{"count":6,"href":"https:\/\/www.euralexgroup.com\/nl\/wp-json\/wp\/v2\/pages\/1125\/revisions"}],"predecessor-version":[{"id":2012,"href":"https:\/\/www.euralexgroup.com\/nl\/wp-json\/wp\/v2\/pages\/1125\/revisions\/2012"}],"wp:attachment":[{"href":"https:\/\/www.euralexgroup.com\/nl\/wp-json\/wp\/v2\/media?parent=1125"}],"curies":[{"name":"wp","href":"https:\/\/api.w.org\/{rel}","templated":true}]}}