{"id":1121,"date":"2021-01-14T09:49:40","date_gmt":"2021-01-14T08:49:40","guid":{"rendered":"https:\/\/www.euralexgroup.com\/carrieres\/"},"modified":"2023-01-18T22:51:45","modified_gmt":"2023-01-18T21:51:45","slug":"carrieres","status":"publish","type":"page","link":"https:\/\/www.euralexgroup.com\/nl\/carrieres\/","title":{"rendered":"Carri\u00e8res"},"content":{"rendered":"\t\t<div data-elementor-type=\"wp-page\" data-elementor-id=\"1121\" class=\"elementor elementor-1121 elementor-675\" data-elementor-settings=\"[]\">\n\t\t\t\t\t\t<div class=\"elementor-inner\">\n\t\t\t\t\t\t\t<div class=\"elementor-section-wrap\">\n\t\t\t\t\t\t\t<section class=\"elementor-section elementor-top-section elementor-element elementor-element-a29f086 elementor-section-boxed elementor-section-height-default elementor-section-height-default\" data-id=\"a29f086\" data-element_type=\"section\">\n\t\t\t\t\t\t<div class=\"elementor-container elementor-column-gap-no\">\n\t\t\t\t\t\t\t<div class=\"elementor-row\">\n\t\t\t\t\t<div class=\"elementor-column elementor-col-100 elementor-top-column elementor-element elementor-element-1196392\" data-id=\"1196392\" data-element_type=\"column\">\n\t\t\t<div class=\"elementor-column-wrap elementor-element-populated\">\n\t\t\t\t\t\t\t<div class=\"elementor-widget-wrap\">\n\t\t\t\t\t\t<div class=\"elementor-element elementor-element-0debff7 elementor-widget elementor-widget-heading\" data-id=\"0debff7\" data-element_type=\"widget\" data-widget_type=\"heading.default\">\n\t\t\t\t<div class=\"elementor-widget-container\">\n\t\t\t<h3 class=\"elementor-heading-title elementor-size-default\">Werken bij Euralex Group<\/h3>\t\t<\/div>\n\t\t\t\t<\/div>\n\t\t\t\t<div class=\"elementor-element elementor-element-0718f43 elementor-widget-divider--view-line elementor-widget elementor-widget-divider\" data-id=\"0718f43\" data-element_type=\"widget\" data-widget_type=\"divider.default\">\n\t\t\t\t<div class=\"elementor-widget-container\">\n\t\t\t\t\t<div class=\"elementor-divider\">\n\t\t\t<span class=\"elementor-divider-separator\">\n\t\t\t\t\t\t<\/span>\n\t\t<\/div>\n\t\t\t\t<\/div>\n\t\t\t\t<\/div>\n\t\t\t\t<div class=\"elementor-element elementor-element-cdfd378 elementor-widget elementor-widget-text-editor\" data-id=\"cdfd378\" data-element_type=\"widget\" data-widget_type=\"text-editor.default\">\n\t\t\t\t<div class=\"elementor-widget-container\">\n\t\t\t\t\t<div class=\"elementor-text-editor elementor-clearfix\"><p>We zijn niet alleen op zoek naar getalenteerde advocaten, maar vooral naar goede en aangename mensen. Euralex Group is immers een advocatenkantoor met een belangrijke menselijke dimensie.<\/p>\n<\/div>\n\t\t\t\t<\/div>\n\t\t\t\t<\/div>\n\t\t\t\t<div class=\"elementor-element elementor-element-11813bb elementor-widget elementor-widget-text-editor\" data-id=\"11813bb\" data-element_type=\"widget\" data-widget_type=\"text-editor.default\">\n\t\t\t\t<div class=\"elementor-widget-container\">\n\t\t\t\t\t<div class=\"elementor-text-editor elementor-clearfix\"><p>Onze mensen zijn gedreven en kenmerken zich door een hecht teamgevoel, lef en humor. Ze hechten enorm veel belang aan een hoogkwalitatieve, snelle en effici\u00ebnte dienstverlening aan de cli\u00ebnten.<\/p>\n<p>Dat weerhoudt niet dat ze al evenveel belang hechten aan een aangename (en op momenten ook amusante) werkomgeving.<\/p>\n<\/div>\n\t\t\t\t<\/div>\n\t\t\t\t<\/div>\n\t\t\t\t<div class=\"elementor-element elementor-element-4fa2a12 elementor-widget elementor-widget-heading\" data-id=\"4fa2a12\" data-element_type=\"widget\" data-widget_type=\"heading.default\">\n\t\t\t\t<div class=\"elementor-widget-container\">\n\t\t\t<h3 class=\"elementor-heading-title elementor-size-default\">Vacatures<\/h3>\t\t<\/div>\n\t\t\t\t<\/div>\n\t\t\t\t<div class=\"elementor-element elementor-element-d865db0 elementor-widget-divider--view-line elementor-widget elementor-widget-divider\" data-id=\"d865db0\" data-element_type=\"widget\" data-widget_type=\"divider.default\">\n\t\t\t\t<div class=\"elementor-widget-container\">\n\t\t\t\t\t<div class=\"elementor-divider\">\n\t\t\t<span class=\"elementor-divider-separator\">\n\t\t\t\t\t\t<\/span>\n\t\t<\/div>\n\t\t\t\t<\/div>\n\t\t\t\t<\/div>\n\t\t\t\t<div class=\"elementor-element elementor-element-d334188 elementor-widget elementor-widget-text-editor\" data-id=\"d334188\" data-element_type=\"widget\" data-widget_type=\"text-editor.default\">\n\t\t\t\t<div class=\"elementor-widget-container\">\n\t\t\t\t\t<div class=\"elementor-text-editor elementor-clearfix\"><p>Wilt u bij ons medewerker worden of stage lopen ? Onze medewerkers en stagiaires krijgen de mogelijkheid om in verschillende rechtsdomeinen te werken en zich te verdiepen in alle aspecten van de advocatuur (advies, consultancy, geschillen, transactie\u2026).<\/p>\n<\/div>\n\t\t\t\t<\/div>\n\t\t\t\t<\/div>\n\t\t\t\t<div class=\"elementor-element elementor-element-53b304b elementor-widget elementor-widget-text-editor\" data-id=\"53b304b\" data-element_type=\"widget\" data-widget_type=\"text-editor.default\">\n\t\t\t\t<div class=\"elementor-widget-container\">\n\t\t\t\t\t<div class=\"elementor-text-editor elementor-clearfix\"><p>Wij zijn op zoek naar effici\u00ebnte, dynamische, pragmatische en no-nonsense advocaten die getuigen van academische excellentie, bereid zijn te leren en te werken in teamverband maar eveneens perfect in staat zijn om zelfstandig te werken.<\/p>\n<p>Als u ge\u00efnteresseerd bent in een carri\u00e8re als advocaat bij Euralex Group of als u meer informatie wilt ontvangen, neem dan contact met \u00e9\u00e9n van onze Partners. Uw sollicitatie wordt strikt vertrouwelijk behandeld.<\/p>\n<\/div>\n\t\t\t\t<\/div>\n\t\t\t\t<\/div>\n\t\t\t\t\t\t<\/div>\n\t\t\t\t\t<\/div>\n\t\t<\/div>\n\t\t\t\t\t\t\t\t<\/div>\n\t\t\t\t\t<\/div>\n\t\t<\/section>\n\t\t\t\t\t\t<\/div>\n\t\t\t\t\t\t<\/div>\n\t\t\t\t\t<\/div>\n\t\t","protected":false},"excerpt":{"rendered":"<p>Werken bij Euralex Group We zijn niet alleen op zoek naar getalenteerde advocaten, maar vooral naar goede en aangename mensen. Euralex Group is immers een advocatenkantoor met een belangrijke menselijke dimensie. Onze mensen zijn gedreven en kenmerken zich door een hecht teamgevoel, lef en humor. Ze hechten enorm veel belang aan een hoogkwalitatieve, snelle en [&hellip;]<\/p>\n","protected":false},"author":2,"featured_media":0,"parent":0,"menu_order":0,"comment_status":"closed","ping_status":"closed","template":"","meta":[],"yoast_head":"<!-- This site is optimized with the Yoast SEO plugin v15.6.2 - https:\/\/yoast.com\/wordpress\/plugins\/seo\/ -->\n<title>Carri\u00e8res - Euralexgroup<\/title>\n<meta name=\"robots\" content=\"index, follow, max-snippet:-1, max-image-preview:large, max-video-preview:-1\" \/>\n<link rel=\"canonical\" href=\"https:\/\/www.euralexgroup.com\/nl\/carrieres\/\" \/>\n<meta property=\"og:locale\" content=\"nl_NL\" \/>\n<meta property=\"og:type\" content=\"article\" \/>\n<meta property=\"og:title\" content=\"Carri\u00e8res - Euralexgroup\" \/>\n<meta property=\"og:description\" content=\"Werken bij Euralex Group We zijn niet alleen op zoek naar getalenteerde advocaten, maar vooral naar goede en aangename mensen. Euralex Group is immers een advocatenkantoor met een belangrijke menselijke dimensie. Onze mensen zijn gedreven en kenmerken zich door een hecht teamgevoel, lef en humor. Ze hechten enorm veel belang aan een hoogkwalitatieve, snelle en [&hellip;]\" \/>\n<meta property=\"og:url\" content=\"https:\/\/www.euralexgroup.com\/nl\/carrieres\/\" \/>\n<meta property=\"og:site_name\" content=\"Euralexgroup\" \/>\n<meta property=\"article:modified_time\" content=\"2023-01-18T21:51:45+00:00\" \/>\n<meta name=\"twitter:card\" content=\"summary_large_image\" \/>\n<meta name=\"twitter:label1\" content=\"Geschatte leestijd\">\n\t<meta name=\"twitter:data1\" content=\"1 minuut\">\n<script type=\"application\/ld+json\" class=\"yoast-schema-graph\">{\"@context\":\"https:\/\/schema.org\",\"@graph\":[{\"@type\":\"WebSite\",\"@id\":\"https:\/\/www.euralexgroup.com\/#website\",\"url\":\"https:\/\/www.euralexgroup.com\/\",\"name\":\"Euralexgroup\",\"description\":\"Result oriented business lawyers\",\"potentialAction\":[{\"@type\":\"SearchAction\",\"target\":\"https:\/\/www.euralexgroup.com\/?s={search_term_string}\",\"query-input\":\"required name=search_term_string\"}],\"inLanguage\":\"nl\"},{\"@type\":\"WebPage\",\"@id\":\"https:\/\/www.euralexgroup.com\/nl\/carrieres\/#webpage\",\"url\":\"https:\/\/www.euralexgroup.com\/nl\/carrieres\/\",\"name\":\"Carri\\u00e8res - Euralexgroup\",\"isPartOf\":{\"@id\":\"https:\/\/www.euralexgroup.com\/#website\"},\"datePublished\":\"2021-01-14T08:49:40+00:00\",\"dateModified\":\"2023-01-18T21:51:45+00:00\",\"inLanguage\":\"nl\",\"potentialAction\":[{\"@type\":\"ReadAction\",\"target\":[\"https:\/\/www.euralexgroup.com\/nl\/carrieres\/\"]}]}]}<\/script>\n<!-- \/ Yoast SEO plugin. -->","_links":{"self":[{"href":"https:\/\/www.euralexgroup.com\/nl\/wp-json\/wp\/v2\/pages\/1121"}],"collection":[{"href":"https:\/\/www.euralexgroup.com\/nl\/wp-json\/wp\/v2\/pages"}],"about":[{"href":"https:\/\/www.euralexgroup.com\/nl\/wp-json\/wp\/v2\/types\/page"}],"author":[{"embeddable":true,"href":"https:\/\/www.euralexgroup.com\/nl\/wp-json\/wp\/v2\/users\/2"}],"replies":[{"embeddable":true,"href":"https:\/\/www.euralexgroup.com\/nl\/wp-json\/wp\/v2\/comments?post=1121"}],"version-history":[{"count":2,"href":"https:\/\/www.euralexgroup.com\/nl\/wp-json\/wp\/v2\/pages\/1121\/revisions"}],"predecessor-version":[{"id":1715,"href":"https:\/\/www.euralexgroup.com\/nl\/wp-json\/wp\/v2\/pages\/1121\/revisions\/1715"}],"wp:attachment":[{"href":"https:\/\/www.euralexgroup.com\/nl\/wp-json\/wp\/v2\/media?parent=1121"}],"curies":[{"name":"wp","href":"https:\/\/api.w.org\/{rel}","templated":true}]}}