{"id":1095,"date":"2021-01-13T14:08:08","date_gmt":"2021-01-13T13:08:08","guid":{"rendered":"https:\/\/www.euralexgroup.com\/expertise\/insolventierecht-financial-crisis-management\/"},"modified":"2021-07-13T17:21:48","modified_gmt":"2021-07-13T15:21:48","slug":"insolventierecht-financial-crisis-management","status":"publish","type":"page","link":"https:\/\/www.euralexgroup.com\/nl\/expertise\/insolventierecht-financial-crisis-management\/","title":{"rendered":"Insolventierecht &#038; Financial Crisis Management"},"content":{"rendered":"\t\t<div data-elementor-type=\"wp-page\" data-elementor-id=\"1095\" class=\"elementor elementor-1095 elementor-479\" data-elementor-settings=\"[]\">\n\t\t\t\t\t\t<div class=\"elementor-inner\">\n\t\t\t\t\t\t\t<div class=\"elementor-section-wrap\">\n\t\t\t\t\t\t\t<section class=\"elementor-section elementor-top-section elementor-element elementor-element-e142d81 elementor-section-boxed elementor-section-height-default elementor-section-height-default\" data-id=\"e142d81\" data-element_type=\"section\">\n\t\t\t\t\t\t<div class=\"elementor-container elementor-column-gap-no\">\n\t\t\t\t\t\t\t<div class=\"elementor-row\">\n\t\t\t\t\t<div class=\"elementor-column elementor-col-100 elementor-top-column elementor-element elementor-element-a810945\" data-id=\"a810945\" data-element_type=\"column\">\n\t\t\t<div class=\"elementor-column-wrap elementor-element-populated\">\n\t\t\t\t\t\t\t<div class=\"elementor-widget-wrap\">\n\t\t\t\t\t\t<div class=\"elementor-element elementor-element-2b6242c elementor-widget elementor-widget-heading\" data-id=\"2b6242c\" data-element_type=\"widget\" data-widget_type=\"heading.default\">\n\t\t\t\t<div class=\"elementor-widget-container\">\n\t\t\t<h3 class=\"elementor-heading-title elementor-size-default\">Hoe we u van dienst kunnen zijn <\/h3>\t\t<\/div>\n\t\t\t\t<\/div>\n\t\t\t\t<div class=\"elementor-element elementor-element-e5e588c elementor-widget-divider--view-line elementor-widget elementor-widget-divider\" data-id=\"e5e588c\" data-element_type=\"widget\" data-widget_type=\"divider.default\">\n\t\t\t\t<div class=\"elementor-widget-container\">\n\t\t\t\t\t<div class=\"elementor-divider\">\n\t\t\t<span class=\"elementor-divider-separator\">\n\t\t\t\t\t\t<\/span>\n\t\t<\/div>\n\t\t\t\t<\/div>\n\t\t\t\t<\/div>\n\t\t\t\t<div class=\"elementor-element elementor-element-75e6b57 elementor-widget elementor-widget-text-editor\" data-id=\"75e6b57\" data-element_type=\"widget\" data-widget_type=\"text-editor.default\">\n\t\t\t\t<div class=\"elementor-widget-container\">\n\t\t\t\t\t<div class=\"elementor-text-editor elementor-clearfix\"><p>Ons kantoor heeft een jarenlange en unieke ervaring in het insolventierecht.<\/p><p>Sommige van onze advocaten geven opleidingen in insolventierecht (faillissementen, gerechtelijke reoganisaties, enz.) aan boekhouders en andere advocaten. Hieromtrent kan o.a. worden verwezen naar het in Brussel en in het Frans gegeven seminarie \u00ab<em>Solutions et strat\u00e9gies (juridiques) pour les entreprises en difficult\u00e9s financi\u00e8res et\/ou leurs dirigeants et actionnaires<\/em>\u00bb, dat werd georganiseerd samen met de <em>Soci\u00e9t\u00e9 Royale Centre d\u2019Etudes de Droit Comptable et Fiscal<\/em>.<\/p><p>Vanuit onze insolventiepraktijk beschikken wij ook over een grondige kennis van het\u00a0zekerheidsrecht\u00a0(pandwet, hypotheekwet, wet financi\u00eble zekerheden, persoonlijke zekerheden enz.).<\/p><\/div>\n\t\t\t\t<\/div>\n\t\t\t\t<\/div>\n\t\t\t\t<div class=\"elementor-element elementor-element-160552c elementor-widget elementor-widget-heading\" data-id=\"160552c\" data-element_type=\"widget\" data-widget_type=\"heading.default\">\n\t\t\t\t<div class=\"elementor-widget-container\">\n\t\t\t<h3 class=\"elementor-heading-title elementor-size-default\">Faillissementsrecht<\/h3>\t\t<\/div>\n\t\t\t\t<\/div>\n\t\t\t\t<div class=\"elementor-element elementor-element-21e33e6 elementor-widget-divider--view-line elementor-widget elementor-widget-divider\" data-id=\"21e33e6\" data-element_type=\"widget\" data-widget_type=\"divider.default\">\n\t\t\t\t<div class=\"elementor-widget-container\">\n\t\t\t\t\t<div class=\"elementor-divider\">\n\t\t\t<span class=\"elementor-divider-separator\">\n\t\t\t\t\t\t<\/span>\n\t\t<\/div>\n\t\t\t\t<\/div>\n\t\t\t\t<\/div>\n\t\t\t\t<div class=\"elementor-element elementor-element-658efea elementor-widget elementor-widget-text-editor\" data-id=\"658efea\" data-element_type=\"widget\" data-widget_type=\"text-editor.default\">\n\t\t\t\t<div class=\"elementor-widget-container\">\n\t\t\t\t\t<div class=\"elementor-text-editor elementor-clearfix\"><p>Wij begeleiden vennootschappen en personen naar een toekomstige faillissementssituatie of, indien wenselijk, in het vermijden ervan. Wij begeleiden cli\u00ebnten ook in het kader van doorstarts voor of na de faillissementsdatum.<\/p><p>Gezien onze belangrijke ervaring in de materie en in de gevoeligheden die spelen bij de verschillende stakeholders, zijn wij het best geplaatst om ondernemingen in moeilijkheden en hun bestuurders te begeleiden.<\/p><p>Onze grondige kennis van het vennootschapsrecht en van de valkuilen die dreigen voor bestuurders van ondernemingen in moeilijkheden (aansprakelijkheid) vormt daarbij een belangrijke meerwaarde<\/p><\/div>\n\t\t\t\t<\/div>\n\t\t\t\t<\/div>\n\t\t\t\t<div class=\"elementor-element elementor-element-d27aad5 elementor-widget elementor-widget-heading\" data-id=\"d27aad5\" data-element_type=\"widget\" data-widget_type=\"heading.default\">\n\t\t\t\t<div class=\"elementor-widget-container\">\n\t\t\t<h3 class=\"elementor-heading-title elementor-size-default\">Gerechtelijke reorganisaties<\/h3>\t\t<\/div>\n\t\t\t\t<\/div>\n\t\t\t\t<div class=\"elementor-element elementor-element-54b04bc elementor-widget-divider--view-line elementor-widget elementor-widget-divider\" data-id=\"54b04bc\" data-element_type=\"widget\" data-widget_type=\"divider.default\">\n\t\t\t\t<div class=\"elementor-widget-container\">\n\t\t\t\t\t<div class=\"elementor-divider\">\n\t\t\t<span class=\"elementor-divider-separator\">\n\t\t\t\t\t\t<\/span>\n\t\t<\/div>\n\t\t\t\t<\/div>\n\t\t\t\t<\/div>\n\t\t\t\t<div class=\"elementor-element elementor-element-946ab20 elementor-widget elementor-widget-text-editor\" data-id=\"946ab20\" data-element_type=\"widget\" data-widget_type=\"text-editor.default\">\n\t\t\t\t<div class=\"elementor-widget-container\">\n\t\t\t\t\t<div class=\"elementor-text-editor elementor-clearfix\"><p>Als de continu\u00efteit van uw onderneming en uw activiteiten in gevaar is omdat u schulden heeft, is het mogelijk om een aanvraag tot gerechtelijke reorganisatie in te dienen. Dit beschermt u tijdelijk tegen schuldeisers en geeft u de mogelijkheid om een schuldreductie te bekomen in het kader van een gerechtelijk reorganisatieplan (dat kan voorzien in een vermindering van de schulden tot 20% van de hoofdsommen).<\/p><p>Voorwaarde is wel dat er licht aan het einde van de tunnel te zien moet zijn. Het moet dus praktisch gezien mogelijk zijn om uw bedrijf weer rendabel te maken. Door een gerechtelijke reorganisatie krijgt uw noodlijdende bedrijf een kans op een nieuwe start.<\/p><p>Wij hebben bijzondere kennis en ervaring in deze materie en staan onze cli\u00ebnten onder andere bij in het bespreken van de strategie, het voorbereiden, inleiden en doorlopen van een gerechtelijke reorganisatie, en vooral ook in het optimaliseren van de resultaten.<\/p><\/div>\n\t\t\t\t<\/div>\n\t\t\t\t<\/div>\n\t\t\t\t\t\t<\/div>\n\t\t\t\t\t<\/div>\n\t\t<\/div>\n\t\t\t\t\t\t\t\t<\/div>\n\t\t\t\t\t<\/div>\n\t\t<\/section>\n\t\t\t\t\t\t<\/div>\n\t\t\t\t\t\t<\/div>\n\t\t\t\t\t<\/div>\n\t\t","protected":false},"excerpt":{"rendered":"<p>Hoe we u van dienst kunnen zijn Ons kantoor heeft een jarenlange en unieke ervaring in het insolventierecht. Sommige van onze advocaten geven opleidingen in insolventierecht (faillissementen, gerechtelijke reoganisaties, enz.) aan boekhouders en andere advocaten. Hieromtrent kan o.a. worden verwezen naar het in Brussel en in het Frans gegeven seminarie \u00abSolutions et strat\u00e9gies (juridiques) pour [&hellip;]<\/p>\n","protected":false},"author":2,"featured_media":0,"parent":1068,"menu_order":0,"comment_status":"closed","ping_status":"closed","template":"","meta":[],"yoast_head":"<!-- This site is optimized with the Yoast SEO plugin v15.6.2 - https:\/\/yoast.com\/wordpress\/plugins\/seo\/ -->\n<title>Insolventierecht &amp; Financial Crisis Management - Euralexgroup<\/title>\n<meta name=\"robots\" content=\"index, follow, max-snippet:-1, max-image-preview:large, max-video-preview:-1\" \/>\n<link rel=\"canonical\" href=\"https:\/\/www.euralexgroup.com\/nl\/expertise\/insolventierecht-financial-crisis-management\/\" \/>\n<meta property=\"og:locale\" content=\"nl_NL\" \/>\n<meta property=\"og:type\" content=\"article\" \/>\n<meta property=\"og:title\" content=\"Insolventierecht &amp; Financial Crisis Management - Euralexgroup\" \/>\n<meta property=\"og:description\" content=\"Hoe we u van dienst kunnen zijn Ons kantoor heeft een jarenlange en unieke ervaring in het insolventierecht. Sommige van onze advocaten geven opleidingen in insolventierecht (faillissementen, gerechtelijke reoganisaties, enz.) aan boekhouders en andere advocaten. Hieromtrent kan o.a. worden verwezen naar het in Brussel en in het Frans gegeven seminarie \u00abSolutions et strat\u00e9gies (juridiques) pour [&hellip;]\" \/>\n<meta property=\"og:url\" content=\"https:\/\/www.euralexgroup.com\/nl\/expertise\/insolventierecht-financial-crisis-management\/\" \/>\n<meta property=\"og:site_name\" content=\"Euralexgroup\" \/>\n<meta property=\"article:modified_time\" content=\"2021-07-13T15:21:48+00:00\" \/>\n<meta name=\"twitter:card\" content=\"summary_large_image\" \/>\n<meta name=\"twitter:label1\" content=\"Geschatte leestijd\">\n\t<meta name=\"twitter:data1\" content=\"2 minuten\">\n<script type=\"application\/ld+json\" class=\"yoast-schema-graph\">{\"@context\":\"https:\/\/schema.org\",\"@graph\":[{\"@type\":\"WebSite\",\"@id\":\"https:\/\/www.euralexgroup.com\/#website\",\"url\":\"https:\/\/www.euralexgroup.com\/\",\"name\":\"Euralexgroup\",\"description\":\"Result oriented business lawyers\",\"potentialAction\":[{\"@type\":\"SearchAction\",\"target\":\"https:\/\/www.euralexgroup.com\/?s={search_term_string}\",\"query-input\":\"required name=search_term_string\"}],\"inLanguage\":\"nl\"},{\"@type\":\"WebPage\",\"@id\":\"https:\/\/www.euralexgroup.com\/nl\/expertise\/insolventierecht-financial-crisis-management\/#webpage\",\"url\":\"https:\/\/www.euralexgroup.com\/nl\/expertise\/insolventierecht-financial-crisis-management\/\",\"name\":\"Insolventierecht & Financial Crisis Management - Euralexgroup\",\"isPartOf\":{\"@id\":\"https:\/\/www.euralexgroup.com\/#website\"},\"datePublished\":\"2021-01-13T13:08:08+00:00\",\"dateModified\":\"2021-07-13T15:21:48+00:00\",\"inLanguage\":\"nl\",\"potentialAction\":[{\"@type\":\"ReadAction\",\"target\":[\"https:\/\/www.euralexgroup.com\/nl\/expertise\/insolventierecht-financial-crisis-management\/\"]}]}]}<\/script>\n<!-- \/ Yoast SEO plugin. -->","_links":{"self":[{"href":"https:\/\/www.euralexgroup.com\/nl\/wp-json\/wp\/v2\/pages\/1095"}],"collection":[{"href":"https:\/\/www.euralexgroup.com\/nl\/wp-json\/wp\/v2\/pages"}],"about":[{"href":"https:\/\/www.euralexgroup.com\/nl\/wp-json\/wp\/v2\/types\/page"}],"author":[{"embeddable":true,"href":"https:\/\/www.euralexgroup.com\/nl\/wp-json\/wp\/v2\/users\/2"}],"replies":[{"embeddable":true,"href":"https:\/\/www.euralexgroup.com\/nl\/wp-json\/wp\/v2\/comments?post=1095"}],"version-history":[{"count":7,"href":"https:\/\/www.euralexgroup.com\/nl\/wp-json\/wp\/v2\/pages\/1095\/revisions"}],"predecessor-version":[{"id":1580,"href":"https:\/\/www.euralexgroup.com\/nl\/wp-json\/wp\/v2\/pages\/1095\/revisions\/1580"}],"up":[{"embeddable":true,"href":"https:\/\/www.euralexgroup.com\/nl\/wp-json\/wp\/v2\/pages\/1068"}],"wp:attachment":[{"href":"https:\/\/www.euralexgroup.com\/nl\/wp-json\/wp\/v2\/media?parent=1095"}],"curies":[{"name":"wp","href":"https:\/\/api.w.org\/{rel}","templated":true}]}}