{"id":1136,"date":"2021-01-14T10:10:01","date_gmt":"2021-01-14T09:10:01","guid":{"rendered":"https:\/\/www.euralexgroup.com\/actualites-et-informations\/"},"modified":"2021-09-02T19:15:53","modified_gmt":"2021-09-02T17:15:53","slug":"actualites-et-informations","status":"publish","type":"page","link":"https:\/\/www.euralexgroup.com\/fr\/actualites-et-informations\/","title":{"rendered":"Actualit\u00e9s &#038; insights"},"content":{"rendered":"\t\t<div data-elementor-type=\"wp-page\" data-elementor-id=\"1136\" class=\"elementor elementor-1136 elementor-862\" data-elementor-settings=\"[]\">\n\t\t\t\t\t\t<div class=\"elementor-inner\">\n\t\t\t\t\t\t\t<div class=\"elementor-section-wrap\">\n\t\t\t\t\t\t\t<section class=\"elementor-section elementor-top-section elementor-element elementor-element-30ac2db elementor-section-height-min-height elementor-section-items-stretch elementor-section-content-middle elementor-section-boxed elementor-section-height-default\" data-id=\"30ac2db\" data-element_type=\"section\">\n\t\t\t\t\t\t<div class=\"elementor-container elementor-column-gap-default\">\n\t\t\t\t\t\t\t<div class=\"elementor-row\">\n\t\t\t\t\t<div class=\"elementor-column elementor-col-100 elementor-top-column elementor-element elementor-element-cc210a0 goldsquare-right\" data-id=\"cc210a0\" data-element_type=\"column\" data-settings=\"{&quot;background_background&quot;:&quot;classic&quot;}\">\n\t\t\t<div class=\"elementor-column-wrap elementor-element-populated\">\n\t\t\t\t\t\t\t<div class=\"elementor-widget-wrap\">\n\t\t\t\t\t\t<div class=\"elementor-element elementor-element-1985455 elementor-widget elementor-widget-global elementor-global-1825 elementor-global-1725 elementor-widget-heading\" data-id=\"1985455\" data-element_type=\"widget\" data-widget_type=\"heading.default\">\n\t\t\t\t<div class=\"elementor-widget-container\">\n\t\t\t<h1 class=\"elementor-heading-title elementor-size-default\">Actualit\u00e9s & insights<\/h1>\t\t<\/div>\n\t\t\t\t<\/div>\n\t\t\t\t<div class=\"elementor-element elementor-element-5d686ea elementor-widget-divider--view-line elementor-widget elementor-widget-divider\" data-id=\"5d686ea\" data-element_type=\"widget\" data-widget_type=\"divider.default\">\n\t\t\t\t<div class=\"elementor-widget-container\">\n\t\t\t\t\t<div class=\"elementor-divider\">\n\t\t\t<span class=\"elementor-divider-separator\">\n\t\t\t\t\t\t<\/span>\n\t\t<\/div>\n\t\t\t\t<\/div>\n\t\t\t\t<\/div>\n\t\t\t\t\t\t<\/div>\n\t\t\t\t\t<\/div>\n\t\t<\/div>\n\t\t\t\t\t\t\t\t<\/div>\n\t\t\t\t\t<\/div>\n\t\t<\/section>\n\t\t\t\t<section class=\"elementor-section elementor-top-section elementor-element elementor-element-45dbffe elementor-section-boxed elementor-section-height-default elementor-section-height-default\" data-id=\"45dbffe\" data-element_type=\"section\">\n\t\t\t\t\t\t<div class=\"elementor-container elementor-column-gap-no\">\n\t\t\t\t\t\t\t<div class=\"elementor-row\">\n\t\t\t\t\t<div class=\"elementor-column elementor-col-66 elementor-top-column elementor-element elementor-element-38b8cfe\" data-id=\"38b8cfe\" data-element_type=\"column\">\n\t\t\t<div class=\"elementor-column-wrap elementor-element-populated\">\n\t\t\t\t\t\t\t<div class=\"elementor-widget-wrap\">\n\t\t\t\t\t\t<div class=\"elementor-element elementor-element-54c3bb0 elementor-widget elementor-widget-heading\" data-id=\"54c3bb0\" data-element_type=\"widget\" id=\"part1\" data-widget_type=\"heading.default\">\n\t\t\t\t<div class=\"elementor-widget-container\">\n\t\t\t<h3 class=\"elementor-heading-title elementor-size-default\">La proc\u00e9dure de r\u00e9organisation judiciaire et l\u2019accompagnement d\u2019entreprises en difficult\u00e9s financi\u00e8res \u2013 Partie I <\/h3>\t\t<\/div>\n\t\t\t\t<\/div>\n\t\t\t\t<div class=\"elementor-element elementor-element-50281ac elementor-widget-divider--view-line elementor-widget elementor-widget-divider\" data-id=\"50281ac\" data-element_type=\"widget\" data-widget_type=\"divider.default\">\n\t\t\t\t<div class=\"elementor-widget-container\">\n\t\t\t\t\t<div class=\"elementor-divider\">\n\t\t\t<span class=\"elementor-divider-separator\">\n\t\t\t\t\t\t<\/span>\n\t\t<\/div>\n\t\t\t\t<\/div>\n\t\t\t\t<\/div>\n\t\t\t\t<div class=\"elementor-element elementor-element-45e1f5c elementor-widget elementor-widget-text-editor\" data-id=\"45e1f5c\" data-element_type=\"widget\" data-widget_type=\"text-editor.default\">\n\t\t\t\t<div class=\"elementor-widget-container\">\n\t\t\t\t\t<div class=\"elementor-text-editor elementor-clearfix\"><p>S\u00e9minaire en fran\u00e7ais pour comptables et avocats<\/p>\n<p><u>Date :<\/u><\/p>\n<p>Jeudi 14 octobre 2021<\/p>\n<p><u>Heure :<\/u><\/p>\n<p>14:00 \u2013 17:00<\/p>\n<p><u>Adresse\u00a0:<\/u><\/p>\n<p>Euralex Group<\/p>\n<p>Rue de Stassart 117<\/p>\n<p>1050 Bruxelles<\/p>\n<p><u>Pour plus d\u2019informations:<\/u><\/p>\n<p><a href=\"mailto:euralex@euralexgroup.com\">euralex@euralexgroup.com<\/a><\/p>\n<\/div>\n\t\t\t\t<\/div>\n\t\t\t\t<\/div>\n\t\t\t\t<div class=\"elementor-element elementor-element-b6dff61 elementor-widget elementor-widget-heading\" data-id=\"b6dff61\" data-element_type=\"widget\" id=\"part2\" data-widget_type=\"heading.default\">\n\t\t\t\t<div class=\"elementor-widget-container\">\n\t\t\t<h3 class=\"elementor-heading-title elementor-size-default\">La proc\u00e9dure de r\u00e9organisation judiciaire et l\u2019accompagnement d\u2019entreprises en difficult\u00e9s financi\u00e8res \u2013 Partie II <\/h3>\t\t<\/div>\n\t\t\t\t<\/div>\n\t\t\t\t<div class=\"elementor-element elementor-element-dc5dcad elementor-widget-divider--view-line elementor-widget elementor-widget-divider\" data-id=\"dc5dcad\" data-element_type=\"widget\" data-widget_type=\"divider.default\">\n\t\t\t\t<div class=\"elementor-widget-container\">\n\t\t\t\t\t<div class=\"elementor-divider\">\n\t\t\t<span class=\"elementor-divider-separator\">\n\t\t\t\t\t\t<\/span>\n\t\t<\/div>\n\t\t\t\t<\/div>\n\t\t\t\t<\/div>\n\t\t\t\t<div class=\"elementor-element elementor-element-bc7f975 elementor-widget elementor-widget-text-editor\" data-id=\"bc7f975\" data-element_type=\"widget\" data-widget_type=\"text-editor.default\">\n\t\t\t\t<div class=\"elementor-widget-container\">\n\t\t\t\t\t<div class=\"elementor-text-editor elementor-clearfix\"><p>S\u00e9minaire en fran\u00e7ais pour comptables et avocats<\/p>\n<p><u>Date :<\/u><\/p>\n<p>Jeudi 18 novembre 2021<\/p>\n<p><u>Heure :<\/u><\/p>\n<p>14:00 \u2013 17:00<\/p>\n<p><u>Adresse\u00a0:<\/u><\/p>\n<p>Euralex Group<\/p>\n<p>Rue de Stassart 117<\/p>\n<p>1050 Bruxelles<\/p>\n<p><u>Pour plus d\u2019informations :<\/u><\/p>\n<p><a href=\"mailto:euralex@euralexgroup.com\">euralex@euralexgroup.com<\/a><\/p>\n<\/div>\n\t\t\t\t<\/div>\n\t\t\t\t<\/div>\n\t\t\t\t<div class=\"elementor-element elementor-element-cd0e9b2 elementor-widget elementor-widget-heading\" data-id=\"cd0e9b2\" data-element_type=\"widget\" id=\"part3\" data-widget_type=\"heading.default\">\n\t\t\t\t<div class=\"elementor-widget-container\">\n\t\t\t<h3 class=\"elementor-heading-title elementor-size-default\">Solutions et strat\u00e9gies pour les entreprises en difficult\u00e9s financi\u00e8res ainsi que pour leurs dirigeants et actionnaires <\/h3>\t\t<\/div>\n\t\t\t\t<\/div>\n\t\t\t\t<div class=\"elementor-element elementor-element-ed340e2 elementor-widget-divider--view-line elementor-widget elementor-widget-divider\" data-id=\"ed340e2\" data-element_type=\"widget\" data-widget_type=\"divider.default\">\n\t\t\t\t<div class=\"elementor-widget-container\">\n\t\t\t\t\t<div class=\"elementor-divider\">\n\t\t\t<span class=\"elementor-divider-separator\">\n\t\t\t\t\t\t<\/span>\n\t\t<\/div>\n\t\t\t\t<\/div>\n\t\t\t\t<\/div>\n\t\t\t\t<div class=\"elementor-element elementor-element-d5a9a9f elementor-widget elementor-widget-text-editor\" data-id=\"d5a9a9f\" data-element_type=\"widget\" data-widget_type=\"text-editor.default\">\n\t\t\t\t<div class=\"elementor-widget-container\">\n\t\t\t\t\t<div class=\"elementor-text-editor elementor-clearfix\"><p>S\u00e9minaire en fran\u00e7ais pour comptables et avocats<\/p>\n<p><u>Date :<\/u><\/p>\n<p>Jeudi 16 d\u00e9cembre 2021<\/p>\n<p><u>Heure :<\/u><\/p>\n<p>14:00 \u2013 17:00<\/p>\n<p><u>Adresse\u00a0:<\/u><\/p>\n<p>Euralex Group<\/p>\n<p>Rue de Stassart 117<\/p>\n<p>1050 Bruxelles<\/p>\n<p><u>Pour plus d\u2019informations :<\/u><\/p>\n<p><a href=\"mailto:euralex@euralexgroup.com\">euralex@euralexgroup.com<\/a><\/p>\n<p>&nbsp;<\/p>\n<p><u>Description\u00a0:<\/u><\/p>\n<p>Au cours de son existence, l\u2019entreprise peut rencontrer des difficult\u00e9s financi\u00e8res qui peuvent l\u2019emp\u00eacher de respecter ses obligations \u00e0 l\u2019\u00e9gard de tiers (dettes fiscales, dettes financi\u00e8res, dettes sociales, dettes fournisseurs, dettes locatives, \u2026). Ces difficult\u00e9s peuvent s\u2019\u00e9tendre aux dirigeants et\/ou aux actionnaires (et m\u00eame \u00e0 leurs conjoints). S\u2019enfermer dans une monologique d\u2019apurement int\u00e9gral des dettes peut ruiner la sant\u00e9 physique ou mentale d\u2019une personne, \u00eatre une bataille perdue d\u2019avance, ou encore, tout simplement, ne pas \u00eatre la \u00ab voie financi\u00e8re la plus opportune \u00bb.<\/p>\n<p>Face aux difficult\u00e9s financi\u00e8res, il existe plusieurs options (cumulatives ou alternatives) dont, sans exhaustivit\u00e9 :<\/p>\n<ul>\n<li>Proc\u00e9dure de r\u00e9organisation judiciaire (PRJ)<\/li>\n<li>Faillite et rachat d\u2019actifs ou de fonds de commerce post-faillite \/ n\u00e9gociation avec le curateur<\/li>\n<li>Faillite et demande d\u2019effacement des dettes (r\u00e9serv\u00e9e au faillis personnes physiques) \/ poursuite de (nouvelles) activit\u00e9s<\/li>\n<li>Surs\u00e9ance ind\u00e9finie<\/li>\n<li>Changement de r\u00e9gime matrimonial (s\u00e9paration pure et simple)<\/li>\n<li>R\u00e8glement collectif de dettes<\/li>\n<li>D\u00e9claration d\u2019insaisissabilit\u00e9 (mesure pr\u00e9ventive)<\/li>\n<li>Autres (accords amiables, termes et d\u00e9lais, demande de dispense de cotisations sociales, etc.)<\/li>\n<\/ul>\n<p>Contrairement \u00e0 la popularit\u00e9 du choix licite de la voie la moins impos\u00e9e existant en mati\u00e8re fiscale, l\u2019\u00e9norme potentiel d\u2019\u00e9conomie pouvant \u00eatre r\u00e9alis\u00e9e par la mise en \u0153uvre de la voie financi\u00e8re la plus opportune en mati\u00e8re de difficult\u00e9s financi\u00e8res est souvent m\u00e9connu, inutilement postpos\u00e9 ou (\u00e0 tort) per\u00e7u avec m\u00e9fiance.<\/p>\n<p>Suite au succ\u00e8s particulier du s\u00e9minaire intitul\u00e9 \u00ab Solutions et strat\u00e9gies (juridiques) pour les entreprises en difficult\u00e9s financi\u00e8res et\/ou leurs dirigeants et actionnaires\u00a0\u00bb, donn\u00e9 par Euralex Group en 2018 dans le cadre d\u2019un cycle de s\u00e9minaires organis\u00e9s par la Soci\u00e9t\u00e9 Royale Centre d\u2019Etudes de Droit Comptable et Fiscal, Euralex Group organise r\u00e9guli\u00e8rement des s\u00e9minaires en mati\u00e8re de droit de l\u2019insolvabilit\u00e9.<\/p>\n<\/div>\n\t\t\t\t<\/div>\n\t\t\t\t<\/div>\n\t\t\t\t\t\t<\/div>\n\t\t\t\t\t<\/div>\n\t\t<\/div>\n\t\t\t\t<div class=\"elementor-column elementor-col-33 elementor-top-column elementor-element elementor-element-a17579c\" data-id=\"a17579c\" data-element_type=\"column\">\n\t\t\t<div class=\"elementor-column-wrap elementor-element-populated\">\n\t\t\t\t\t\t\t<div class=\"elementor-widget-wrap\">\n\t\t\t\t\t\t<div class=\"elementor-element elementor-element-16701cd elementor-widget elementor-widget-global elementor-global-1813 elementor-global-1745 elementor-widget-heading\" data-id=\"16701cd\" data-element_type=\"widget\" data-widget_type=\"heading.default\">\n\t\t\t\t<div class=\"elementor-widget-container\">\n\t\t\t<h3 class=\"elementor-heading-title elementor-size-default\">Prochains s\u00e9minaires<\/h3>\t\t<\/div>\n\t\t\t\t<\/div>\n\t\t\t\t<div class=\"elementor-element elementor-element-8dffeee elementor-widget-divider--view-line elementor-widget elementor-widget-divider\" data-id=\"8dffeee\" data-element_type=\"widget\" data-widget_type=\"divider.default\">\n\t\t\t\t<div class=\"elementor-widget-container\">\n\t\t\t\t\t<div class=\"elementor-divider\">\n\t\t\t<span class=\"elementor-divider-separator\">\n\t\t\t\t\t\t<\/span>\n\t\t<\/div>\n\t\t\t\t<\/div>\n\t\t\t\t<\/div>\n\t\t\t\t<div class=\"elementor-element elementor-element-e6a75c1 elementor-widget elementor-widget-global elementor-global-1833 elementor-global-1736 elementor-widget-text-editor\" data-id=\"e6a75c1\" data-element_type=\"widget\" data-widget_type=\"text-editor.default\">\n\t\t\t\t<div class=\"elementor-widget-container\">\n\t\t\t\t\t<div class=\"elementor-text-editor elementor-clearfix\"><ul>\n<li><a href=\"https:\/\/www.euralexgroup.com\/fr\/actualites-et-informations\/#part1\">La proc\u00e9dure de r\u00e9organisation judiciaire et l\u2019accompagnement d\u2019entreprises en difficult\u00e9s financi\u00e8res \u2013 Partie I <\/a> (s\u00e9minaire en fran\u00e7ais pour comptables et avocats) \u2013 Jeudi 14 octobre 2021 (14:00 \u2013 17:00)<\/li>\n<li><a href=\"https:\/\/www.euralexgroup.com\/fr\/actualites-et-informations\/#part2\">La proc\u00e9dure de r\u00e9organisation judiciaire et l\u2019accompagnement d\u2019entreprises en difficult\u00e9s financi\u00e8res \u2013 Partie II <\/a> (s\u00e9minaire en fran\u00e7ais pour comptables et avocats) \u2013 Jeudi 18 Novembre 2021 (14:00 \u2013 17:00)<\/li>\n<li><a href=\"https:\/\/www.euralexgroup.com\/fr\/actualites-et-informations\/#part3\">Solutions et strat\u00e9gies pour les entreprises en difficult\u00e9s financi\u00e8res ainsi que pour leurs dirigeants et actionnaires <\/a> (s\u00e9minaire en fran\u00e7ais pour comptables et avocats) \u2013 Jeudi 16 d\u00e9cembre 2021 (14:00 \u2013 17:00)<\/li>\n<\/ul>\n<\/div>\n\t\t\t\t<\/div>\n\t\t\t\t<\/div>\n\t\t\t\t<div class=\"elementor-element elementor-element-56d9447 elementor-widget elementor-widget-global elementor-global-1817 elementor-global-1749 elementor-widget-heading\" data-id=\"56d9447\" data-element_type=\"widget\" data-widget_type=\"heading.default\">\n\t\t\t\t<div class=\"elementor-widget-container\">\n\t\t\t<h3 class=\"elementor-heading-title elementor-size-default\">Sujets<\/h3>\t\t<\/div>\n\t\t\t\t<\/div>\n\t\t\t\t<div class=\"elementor-element elementor-element-477b82e elementor-widget-divider--view-line elementor-widget elementor-widget-divider\" data-id=\"477b82e\" data-element_type=\"widget\" data-widget_type=\"divider.default\">\n\t\t\t\t<div class=\"elementor-widget-container\">\n\t\t\t\t\t<div class=\"elementor-divider\">\n\t\t\t<span class=\"elementor-divider-separator\">\n\t\t\t\t\t\t<\/span>\n\t\t<\/div>\n\t\t\t\t<\/div>\n\t\t\t\t<\/div>\n\t\t\t\t<div class=\"elementor-element elementor-element-4a28ff9 elementor-widget elementor-widget-global elementor-global-1821 elementor-global-1742 elementor-widget-text-editor\" data-id=\"4a28ff9\" data-element_type=\"widget\" data-widget_type=\"text-editor.default\">\n\t\t\t\t<div class=\"elementor-widget-container\">\n\t\t\t\t\t<div class=\"elementor-text-editor elementor-clearfix\"><ul>\n<li><a href=\"https:\/\/www.euralexgroup.com\/fr\/actualites-et-informations\/sujets\/\">Effacement de dettes<\/a> : un nouveau d\u00e9part (Fresh Start)<\/li>\n<\/ul>\n<\/div>\n\t\t\t\t<\/div>\n\t\t\t\t<\/div>\n\t\t\t\t\t\t<\/div>\n\t\t\t\t\t<\/div>\n\t\t<\/div>\n\t\t\t\t\t\t\t\t<\/div>\n\t\t\t\t\t<\/div>\n\t\t<\/section>\n\t\t\t\t\t\t<\/div>\n\t\t\t\t\t\t<\/div>\n\t\t\t\t\t<\/div>\n\t\t","protected":false},"excerpt":{"rendered":"<p>News &#038; insights La proc\u00e9dure de r\u00e9organisation judiciaire et l\u2019accompagnement d\u2019entreprises en difficult\u00e9s financi\u00e8res \u2013 Partie I S\u00e9minaire en fran\u00e7ais pour comptables et avocats Date : Jeudi 14 octobre 2021 Heure : 14:00 \u2013 17:00 Adresse\u00a0: Euralex Group Rue de Stassart 117 1050 Bruxelles Pour plus d\u2019informations: euralex@euralexgroup.com La proc\u00e9dure de r\u00e9organisation judiciaire et l\u2019accompagnement [&hellip;]<\/p>\n","protected":false},"author":2,"featured_media":0,"parent":0,"menu_order":0,"comment_status":"closed","ping_status":"closed","template":"","meta":[],"yoast_head":"<!-- This site is optimized with the Yoast SEO plugin v15.6.2 - https:\/\/yoast.com\/wordpress\/plugins\/seo\/ -->\n<title>Actualit\u00e9s &amp; insights - Euralexgroup<\/title>\n<meta name=\"robots\" content=\"index, follow, max-snippet:-1, max-image-preview:large, max-video-preview:-1\" \/>\n<link rel=\"canonical\" href=\"https:\/\/www.euralexgroup.com\/fr\/actualites-et-informations\/\" \/>\n<meta property=\"og:locale\" content=\"fr_FR\" \/>\n<meta property=\"og:type\" content=\"article\" \/>\n<meta property=\"og:title\" content=\"Actualit\u00e9s &amp; insights - Euralexgroup\" \/>\n<meta property=\"og:description\" content=\"News &#038; insights La proc\u00e9dure de r\u00e9organisation judiciaire et l\u2019accompagnement d\u2019entreprises en difficult\u00e9s financi\u00e8res \u2013 Partie I S\u00e9minaire en fran\u00e7ais pour comptables et avocats Date : Jeudi 14 octobre 2021 Heure : 14:00 \u2013 17:00 Adresse\u00a0: Euralex Group Rue de Stassart 117 1050 Bruxelles Pour plus d\u2019informations: euralex@euralexgroup.com La proc\u00e9dure de r\u00e9organisation judiciaire et l\u2019accompagnement [&hellip;]\" \/>\n<meta property=\"og:url\" content=\"https:\/\/www.euralexgroup.com\/fr\/actualites-et-informations\/\" \/>\n<meta property=\"og:site_name\" content=\"Euralexgroup\" \/>\n<meta property=\"article:modified_time\" content=\"2021-09-02T17:15:53+00:00\" \/>\n<meta name=\"twitter:card\" content=\"summary_large_image\" \/>\n<meta name=\"twitter:label1\" content=\"Dur\u00e9e de lecture est.\">\n\t<meta name=\"twitter:data1\" content=\"3 minutes\">\n<script type=\"application\/ld+json\" class=\"yoast-schema-graph\">{\"@context\":\"https:\/\/schema.org\",\"@graph\":[{\"@type\":\"WebSite\",\"@id\":\"https:\/\/www.euralexgroup.com\/#website\",\"url\":\"https:\/\/www.euralexgroup.com\/\",\"name\":\"Euralexgroup\",\"description\":\"Result oriented business lawyers\",\"potentialAction\":[{\"@type\":\"SearchAction\",\"target\":\"https:\/\/www.euralexgroup.com\/?s={search_term_string}\",\"query-input\":\"required name=search_term_string\"}],\"inLanguage\":\"fr-FR\"},{\"@type\":\"WebPage\",\"@id\":\"https:\/\/www.euralexgroup.com\/fr\/actualites-et-informations\/#webpage\",\"url\":\"https:\/\/www.euralexgroup.com\/fr\/actualites-et-informations\/\",\"name\":\"Actualit\\u00e9s & insights - Euralexgroup\",\"isPartOf\":{\"@id\":\"https:\/\/www.euralexgroup.com\/#website\"},\"datePublished\":\"2021-01-14T09:10:01+00:00\",\"dateModified\":\"2021-09-02T17:15:53+00:00\",\"inLanguage\":\"fr-FR\",\"potentialAction\":[{\"@type\":\"ReadAction\",\"target\":[\"https:\/\/www.euralexgroup.com\/fr\/actualites-et-informations\/\"]}]}]}<\/script>\n<!-- \/ Yoast SEO plugin. -->","_links":{"self":[{"href":"https:\/\/www.euralexgroup.com\/fr\/wp-json\/wp\/v2\/pages\/1136"}],"collection":[{"href":"https:\/\/www.euralexgroup.com\/fr\/wp-json\/wp\/v2\/pages"}],"about":[{"href":"https:\/\/www.euralexgroup.com\/fr\/wp-json\/wp\/v2\/types\/page"}],"author":[{"embeddable":true,"href":"https:\/\/www.euralexgroup.com\/fr\/wp-json\/wp\/v2\/users\/2"}],"replies":[{"embeddable":true,"href":"https:\/\/www.euralexgroup.com\/fr\/wp-json\/wp\/v2\/comments?post=1136"}],"version-history":[{"count":5,"href":"https:\/\/www.euralexgroup.com\/fr\/wp-json\/wp\/v2\/pages\/1136\/revisions"}],"predecessor-version":[{"id":1802,"href":"https:\/\/www.euralexgroup.com\/fr\/wp-json\/wp\/v2\/pages\/1136\/revisions\/1802"}],"wp:attachment":[{"href":"https:\/\/www.euralexgroup.com\/fr\/wp-json\/wp\/v2\/media?parent=1136"}],"curies":[{"name":"wp","href":"https:\/\/api.w.org\/{rel}","templated":true}]}}