{"id":1123,"date":"2021-01-14T09:50:32","date_gmt":"2021-01-14T08:50:32","guid":{"rendered":"https:\/\/www.euralexgroup.com\/carrieres\/"},"modified":"2023-01-18T22:52:03","modified_gmt":"2023-01-18T21:52:03","slug":"carrieres","status":"publish","type":"page","link":"https:\/\/www.euralexgroup.com\/fr\/carrieres\/","title":{"rendered":"Carri\u00e8res"},"content":{"rendered":"\t\t<div data-elementor-type=\"wp-page\" data-elementor-id=\"1123\" class=\"elementor elementor-1123 elementor-675\" data-elementor-settings=\"[]\">\n\t\t\t\t\t\t<div class=\"elementor-inner\">\n\t\t\t\t\t\t\t<div class=\"elementor-section-wrap\">\n\t\t\t\t\t\t\t<section class=\"elementor-section elementor-top-section elementor-element elementor-element-a29f086 elementor-section-boxed elementor-section-height-default elementor-section-height-default\" data-id=\"a29f086\" data-element_type=\"section\">\n\t\t\t\t\t\t<div class=\"elementor-container elementor-column-gap-no\">\n\t\t\t\t\t\t\t<div class=\"elementor-row\">\n\t\t\t\t\t<div class=\"elementor-column elementor-col-100 elementor-top-column elementor-element elementor-element-1196392\" data-id=\"1196392\" data-element_type=\"column\">\n\t\t\t<div class=\"elementor-column-wrap elementor-element-populated\">\n\t\t\t\t\t\t\t<div class=\"elementor-widget-wrap\">\n\t\t\t\t\t\t<div class=\"elementor-element elementor-element-0debff7 elementor-widget elementor-widget-heading\" data-id=\"0debff7\" data-element_type=\"widget\" data-widget_type=\"heading.default\">\n\t\t\t\t<div class=\"elementor-widget-container\">\n\t\t\t<h3 class=\"elementor-heading-title elementor-size-default\">Travailler chez Euralex Group<\/h3>\t\t<\/div>\n\t\t\t\t<\/div>\n\t\t\t\t<div class=\"elementor-element elementor-element-0718f43 elementor-widget-divider--view-line elementor-widget elementor-widget-divider\" data-id=\"0718f43\" data-element_type=\"widget\" data-widget_type=\"divider.default\">\n\t\t\t\t<div class=\"elementor-widget-container\">\n\t\t\t\t\t<div class=\"elementor-divider\">\n\t\t\t<span class=\"elementor-divider-separator\">\n\t\t\t\t\t\t<\/span>\n\t\t<\/div>\n\t\t\t\t<\/div>\n\t\t\t\t<\/div>\n\t\t\t\t<div class=\"elementor-element elementor-element-cdfd378 elementor-widget elementor-widget-text-editor\" data-id=\"cdfd378\" data-element_type=\"widget\" data-widget_type=\"text-editor.default\">\n\t\t\t\t<div class=\"elementor-widget-container\">\n\t\t\t\t\t<div class=\"elementor-text-editor elementor-clearfix\"><p>Nous ne recherchons pas seulement des avocats talentueux, mais avant tout des gens bien et agr\u00e9ables. Le cabinet Euralex Group est en effet un cabinet avec une importante dimension humaine.<\/p>\n<\/div>\n\t\t\t\t<\/div>\n\t\t\t\t<\/div>\n\t\t\t\t<div class=\"elementor-element elementor-element-11813bb elementor-widget elementor-widget-text-editor\" data-id=\"11813bb\" data-element_type=\"widget\" data-widget_type=\"text-editor.default\">\n\t\t\t\t<div class=\"elementor-widget-container\">\n\t\t\t\t\t<div class=\"elementor-text-editor elementor-clearfix\"><p>Ainsi, notre \u00e9quipe attache une importance \u00e9norme non seulement \u00e0 un service de haute qualit\u00e9, rapide et efficace pour la client\u00e8le, mais tout autant \u00e0 un environnement de travail agr\u00e9able, o\u00f9 il y a d\u2019ailleurs de la place, au moments appropri\u00e9s, pour l\u2019humour.<\/p>\n<p>En bref, le lieu de travail du cabinet Euralex Group doit permettre l\u2019\u00e9panouissement et le bien-\u00eatre de ses collaborateurs, quelle que soit leur fonction.<\/p>\n<\/div>\n\t\t\t\t<\/div>\n\t\t\t\t<\/div>\n\t\t\t\t<div class=\"elementor-element elementor-element-4fa2a12 elementor-widget elementor-widget-heading\" data-id=\"4fa2a12\" data-element_type=\"widget\" data-widget_type=\"heading.default\">\n\t\t\t\t<div class=\"elementor-widget-container\">\n\t\t\t<h3 class=\"elementor-heading-title elementor-size-default\">Offres<\/h3>\t\t<\/div>\n\t\t\t\t<\/div>\n\t\t\t\t<div class=\"elementor-element elementor-element-d865db0 elementor-widget-divider--view-line elementor-widget elementor-widget-divider\" data-id=\"d865db0\" data-element_type=\"widget\" data-widget_type=\"divider.default\">\n\t\t\t\t<div class=\"elementor-widget-container\">\n\t\t\t\t\t<div class=\"elementor-divider\">\n\t\t\t<span class=\"elementor-divider-separator\">\n\t\t\t\t\t\t<\/span>\n\t\t<\/div>\n\t\t\t\t<\/div>\n\t\t\t\t<\/div>\n\t\t\t\t<div class=\"elementor-element elementor-element-d334188 elementor-widget elementor-widget-text-editor\" data-id=\"d334188\" data-element_type=\"widget\" data-widget_type=\"text-editor.default\">\n\t\t\t\t<div class=\"elementor-widget-container\">\n\t\t\t\t\t<div class=\"elementor-text-editor elementor-clearfix\"><p>Vous d\u00e9sirez effectuer un stage ou devenir collaborateur chez Euralex Group ? Nous donnons aux stagiaires une formation \u00e9tendue en leur donnant la possibilit\u00e9 de travailler dans diff\u00e9rents domaines et de s\u2019occuper des diverses facettes du m\u00e9tier d\u2019avocat (conseil, consultation, contentieux, transaction\u2026).<\/p>\n<\/div>\n\t\t\t\t<\/div>\n\t\t\t\t<\/div>\n\t\t\t\t<div class=\"elementor-element elementor-element-53b304b elementor-widget elementor-widget-text-editor\" data-id=\"53b304b\" data-element_type=\"widget\" data-widget_type=\"text-editor.default\">\n\t\t\t\t<div class=\"elementor-widget-container\">\n\t\t\t\t\t<div class=\"elementor-text-editor elementor-clearfix\"><p>Nous recherchons des avocats efficaces, proactifs et pragmatiques, faisant preuve d\u2019une excellence acad\u00e9mique, d\u00e9sireux d\u2019apprendre et de travailler en \u00e9quipe, ainsi que capable de travailler en toute ind\u00e9pendance.<\/p>\n<p>Si une carri\u00e8re d\u2019avocat chez Euralex Group vous int\u00e9resse ou si vous souhaitez recevoir de plus amples informations, contactez l\u2019un de nos Associ\u00e9s. Votre candidature sera trait\u00e9e en toute confidentialit\u00e9.<\/p>\n<\/div>\n\t\t\t\t<\/div>\n\t\t\t\t<\/div>\n\t\t\t\t\t\t<\/div>\n\t\t\t\t\t<\/div>\n\t\t<\/div>\n\t\t\t\t\t\t\t\t<\/div>\n\t\t\t\t\t<\/div>\n\t\t<\/section>\n\t\t\t\t\t\t<\/div>\n\t\t\t\t\t\t<\/div>\n\t\t\t\t\t<\/div>\n\t\t","protected":false},"excerpt":{"rendered":"<p>Travailler chez Euralex Group Nous ne recherchons pas seulement des avocats talentueux, mais avant tout des gens bien et agr\u00e9ables. Le cabinet Euralex Group est en effet un cabinet avec une importante dimension humaine. Ainsi, notre \u00e9quipe attache une importance \u00e9norme non seulement \u00e0 un service de haute qualit\u00e9, rapide et efficace pour la client\u00e8le, [&hellip;]<\/p>\n","protected":false},"author":2,"featured_media":0,"parent":0,"menu_order":0,"comment_status":"closed","ping_status":"closed","template":"","meta":[],"yoast_head":"<!-- This site is optimized with the Yoast SEO plugin v15.6.2 - https:\/\/yoast.com\/wordpress\/plugins\/seo\/ -->\n<title>Carri\u00e8res - Euralexgroup<\/title>\n<meta name=\"robots\" content=\"index, follow, max-snippet:-1, max-image-preview:large, max-video-preview:-1\" \/>\n<link rel=\"canonical\" href=\"https:\/\/www.euralexgroup.com\/fr\/carrieres\/\" \/>\n<meta property=\"og:locale\" content=\"fr_FR\" \/>\n<meta property=\"og:type\" content=\"article\" \/>\n<meta property=\"og:title\" content=\"Carri\u00e8res - Euralexgroup\" \/>\n<meta property=\"og:description\" content=\"Travailler chez Euralex Group Nous ne recherchons pas seulement des avocats talentueux, mais avant tout des gens bien et agr\u00e9ables. Le cabinet Euralex Group est en effet un cabinet avec une importante dimension humaine. Ainsi, notre \u00e9quipe attache une importance \u00e9norme non seulement \u00e0 un service de haute qualit\u00e9, rapide et efficace pour la client\u00e8le, [&hellip;]\" \/>\n<meta property=\"og:url\" content=\"https:\/\/www.euralexgroup.com\/fr\/carrieres\/\" \/>\n<meta property=\"og:site_name\" content=\"Euralexgroup\" \/>\n<meta property=\"article:modified_time\" content=\"2023-01-18T21:52:03+00:00\" \/>\n<meta name=\"twitter:card\" content=\"summary_large_image\" \/>\n<meta name=\"twitter:label1\" content=\"Dur\u00e9e de lecture est.\">\n\t<meta name=\"twitter:data1\" content=\"1 minute\">\n<script type=\"application\/ld+json\" class=\"yoast-schema-graph\">{\"@context\":\"https:\/\/schema.org\",\"@graph\":[{\"@type\":\"WebSite\",\"@id\":\"https:\/\/www.euralexgroup.com\/#website\",\"url\":\"https:\/\/www.euralexgroup.com\/\",\"name\":\"Euralexgroup\",\"description\":\"Result oriented business lawyers\",\"potentialAction\":[{\"@type\":\"SearchAction\",\"target\":\"https:\/\/www.euralexgroup.com\/?s={search_term_string}\",\"query-input\":\"required name=search_term_string\"}],\"inLanguage\":\"fr-FR\"},{\"@type\":\"WebPage\",\"@id\":\"https:\/\/www.euralexgroup.com\/fr\/carrieres\/#webpage\",\"url\":\"https:\/\/www.euralexgroup.com\/fr\/carrieres\/\",\"name\":\"Carri\\u00e8res - Euralexgroup\",\"isPartOf\":{\"@id\":\"https:\/\/www.euralexgroup.com\/#website\"},\"datePublished\":\"2021-01-14T08:50:32+00:00\",\"dateModified\":\"2023-01-18T21:52:03+00:00\",\"inLanguage\":\"fr-FR\",\"potentialAction\":[{\"@type\":\"ReadAction\",\"target\":[\"https:\/\/www.euralexgroup.com\/fr\/carrieres\/\"]}]}]}<\/script>\n<!-- \/ Yoast SEO plugin. -->","_links":{"self":[{"href":"https:\/\/www.euralexgroup.com\/fr\/wp-json\/wp\/v2\/pages\/1123"}],"collection":[{"href":"https:\/\/www.euralexgroup.com\/fr\/wp-json\/wp\/v2\/pages"}],"about":[{"href":"https:\/\/www.euralexgroup.com\/fr\/wp-json\/wp\/v2\/types\/page"}],"author":[{"embeddable":true,"href":"https:\/\/www.euralexgroup.com\/fr\/wp-json\/wp\/v2\/users\/2"}],"replies":[{"embeddable":true,"href":"https:\/\/www.euralexgroup.com\/fr\/wp-json\/wp\/v2\/comments?post=1123"}],"version-history":[{"count":2,"href":"https:\/\/www.euralexgroup.com\/fr\/wp-json\/wp\/v2\/pages\/1123\/revisions"}],"predecessor-version":[{"id":1714,"href":"https:\/\/www.euralexgroup.com\/fr\/wp-json\/wp\/v2\/pages\/1123\/revisions\/1714"}],"wp:attachment":[{"href":"https:\/\/www.euralexgroup.com\/fr\/wp-json\/wp\/v2\/media?parent=1123"}],"curies":[{"name":"wp","href":"https:\/\/api.w.org\/{rel}","templated":true}]}}