{"id":1111,"date":"2021-01-14T09:37:53","date_gmt":"2021-01-14T08:37:53","guid":{"rendered":"https:\/\/www.euralexgroup.com\/expertise\/planification-fiscale\/"},"modified":"2023-01-18T21:58:52","modified_gmt":"2023-01-18T20:58:52","slug":"planification-fiscale","status":"publish","type":"page","link":"https:\/\/www.euralexgroup.com\/fr\/expertise\/planification-fiscale\/","title":{"rendered":"Droit fiscal &#038; Planification fiscale"},"content":{"rendered":"\t\t<div data-elementor-type=\"wp-page\" data-elementor-id=\"1111\" class=\"elementor elementor-1111 elementor-494\" data-elementor-settings=\"[]\">\n\t\t\t\t\t\t<div class=\"elementor-inner\">\n\t\t\t\t\t\t\t<div class=\"elementor-section-wrap\">\n\t\t\t\t\t\t\t<section class=\"elementor-section elementor-top-section elementor-element elementor-element-e79d9b2 elementor-section-boxed elementor-section-height-default elementor-section-height-default\" data-id=\"e79d9b2\" data-element_type=\"section\">\n\t\t\t\t\t\t<div class=\"elementor-container elementor-column-gap-no\">\n\t\t\t\t\t\t\t<div class=\"elementor-row\">\n\t\t\t\t\t<div class=\"elementor-column elementor-col-100 elementor-top-column elementor-element elementor-element-29e865c\" data-id=\"29e865c\" data-element_type=\"column\">\n\t\t\t<div class=\"elementor-column-wrap elementor-element-populated\">\n\t\t\t\t\t\t\t<div class=\"elementor-widget-wrap\">\n\t\t\t\t\t\t<div class=\"elementor-element elementor-element-c3b0b21 elementor-widget elementor-widget-heading\" data-id=\"c3b0b21\" data-element_type=\"widget\" data-widget_type=\"heading.default\">\n\t\t\t\t<div class=\"elementor-widget-container\">\n\t\t\t<h3 class=\"elementor-heading-title elementor-size-default\">Pr\u00e9sentation<\/h3>\t\t<\/div>\n\t\t\t\t<\/div>\n\t\t\t\t<div class=\"elementor-element elementor-element-ee4ffa0 elementor-widget-divider--view-line elementor-widget elementor-widget-divider\" data-id=\"ee4ffa0\" data-element_type=\"widget\" data-widget_type=\"divider.default\">\n\t\t\t\t<div class=\"elementor-widget-container\">\n\t\t\t\t\t<div class=\"elementor-divider\">\n\t\t\t<span class=\"elementor-divider-separator\">\n\t\t\t\t\t\t<\/span>\n\t\t<\/div>\n\t\t\t\t<\/div>\n\t\t\t\t<\/div>\n\t\t\t\t<div class=\"elementor-element elementor-element-96c4e77 elementor-widget elementor-widget-text-editor\" data-id=\"96c4e77\" data-element_type=\"widget\" data-widget_type=\"text-editor.default\">\n\t\t\t\t<div class=\"elementor-widget-container\">\n\t\t\t\t\t<div class=\"elementor-text-editor elementor-clearfix\"><p>La fiscalit\u00e9 est imbriqu\u00e9e dans la vie \u00e9conomique. Une strat\u00e9gie fiscale bien r\u00e9fl\u00e9chie engendre des optimisations et peut faire la diff\u00e9rence entre stagnation et croissance de votre entreprise.<\/p>\n<\/div>\n\t\t\t\t<\/div>\n\t\t\t\t<\/div>\n\t\t\t\t<div class=\"elementor-element elementor-element-fdbddb0 elementor-widget elementor-widget-text-editor\" data-id=\"fdbddb0\" data-element_type=\"widget\" data-widget_type=\"text-editor.default\">\n\t\t\t\t<div class=\"elementor-widget-container\">\n\t\t\t\t\t<div class=\"elementor-text-editor elementor-clearfix\"><p>Nos experts vous assistent de mani\u00e8re r\u00e9fl\u00e9chie, cr\u00e9ative et efficace dans le domaine de la fiscalit\u00e9, de la planification fiscale et du contentieux fiscal. Nous vous assistons notamment dans les domaines de l\u2019imp\u00f4t sur le revenu, de la TVA, des droits d\u2019enregistrement, des droits de succession, des imp\u00f4ts r\u00e9gionaux et des taxes communales.<\/p>\n<p>Nous assistons \u00e9galement nos clients en mati\u00e8re de contr\u00f4les fiscaux et nous les repr\u00e9sentant dans le cadre de contentieux fiscaux. Notre expertise permet \u00e9galement de guider les clients afin d\u2019\u00e9viter des litiges fiscaux.<\/p>\n<\/div>\n\t\t\t\t<\/div>\n\t\t\t\t<\/div>\n\t\t\t\t\t\t<\/div>\n\t\t\t\t\t<\/div>\n\t\t<\/div>\n\t\t\t\t\t\t\t\t<\/div>\n\t\t\t\t\t<\/div>\n\t\t<\/section>\n\t\t\t\t\t\t<\/div>\n\t\t\t\t\t\t<\/div>\n\t\t\t\t\t<\/div>\n\t\t","protected":false},"excerpt":{"rendered":"<p>Pr\u00e9sentation La fiscalit\u00e9 est imbriqu\u00e9e dans la vie \u00e9conomique. Une strat\u00e9gie fiscale bien r\u00e9fl\u00e9chie engendre des optimisations et peut faire la diff\u00e9rence entre stagnation et croissance de votre entreprise. Nos experts vous assistent de mani\u00e8re r\u00e9fl\u00e9chie, cr\u00e9ative et efficace dans le domaine de la fiscalit\u00e9, de la planification fiscale et du contentieux fiscal. Nous vous [&hellip;]<\/p>\n","protected":false},"author":2,"featured_media":0,"parent":1070,"menu_order":0,"comment_status":"closed","ping_status":"closed","template":"","meta":[],"yoast_head":"<!-- This site is optimized with the Yoast SEO plugin v15.6.2 - https:\/\/yoast.com\/wordpress\/plugins\/seo\/ -->\n<title>Droit fiscal &amp; Planification fiscale - Euralexgroup<\/title>\n<meta name=\"robots\" content=\"index, follow, max-snippet:-1, max-image-preview:large, max-video-preview:-1\" \/>\n<link rel=\"canonical\" href=\"https:\/\/www.euralexgroup.com\/fr\/expertise\/planification-fiscale\/\" \/>\n<meta property=\"og:locale\" content=\"fr_FR\" \/>\n<meta property=\"og:type\" content=\"article\" \/>\n<meta property=\"og:title\" content=\"Droit fiscal &amp; Planification fiscale - Euralexgroup\" \/>\n<meta property=\"og:description\" content=\"Pr\u00e9sentation La fiscalit\u00e9 est imbriqu\u00e9e dans la vie \u00e9conomique. Une strat\u00e9gie fiscale bien r\u00e9fl\u00e9chie engendre des optimisations et peut faire la diff\u00e9rence entre stagnation et croissance de votre entreprise. Nos experts vous assistent de mani\u00e8re r\u00e9fl\u00e9chie, cr\u00e9ative et efficace dans le domaine de la fiscalit\u00e9, de la planification fiscale et du contentieux fiscal. Nous vous [&hellip;]\" \/>\n<meta property=\"og:url\" content=\"https:\/\/www.euralexgroup.com\/fr\/expertise\/planification-fiscale\/\" \/>\n<meta property=\"og:site_name\" content=\"Euralexgroup\" \/>\n<meta property=\"article:modified_time\" content=\"2023-01-18T20:58:52+00:00\" \/>\n<meta name=\"twitter:card\" content=\"summary_large_image\" \/>\n<meta name=\"twitter:label1\" content=\"Dur\u00e9e de lecture est.\">\n\t<meta name=\"twitter:data1\" content=\"1 minute\">\n<script type=\"application\/ld+json\" class=\"yoast-schema-graph\">{\"@context\":\"https:\/\/schema.org\",\"@graph\":[{\"@type\":\"WebSite\",\"@id\":\"https:\/\/www.euralexgroup.com\/#website\",\"url\":\"https:\/\/www.euralexgroup.com\/\",\"name\":\"Euralexgroup\",\"description\":\"Result oriented business lawyers\",\"potentialAction\":[{\"@type\":\"SearchAction\",\"target\":\"https:\/\/www.euralexgroup.com\/?s={search_term_string}\",\"query-input\":\"required name=search_term_string\"}],\"inLanguage\":\"fr-FR\"},{\"@type\":\"WebPage\",\"@id\":\"https:\/\/www.euralexgroup.com\/fr\/expertise\/planification-fiscale\/#webpage\",\"url\":\"https:\/\/www.euralexgroup.com\/fr\/expertise\/planification-fiscale\/\",\"name\":\"Droit fiscal & Planification fiscale - Euralexgroup\",\"isPartOf\":{\"@id\":\"https:\/\/www.euralexgroup.com\/#website\"},\"datePublished\":\"2021-01-14T08:37:53+00:00\",\"dateModified\":\"2023-01-18T20:58:52+00:00\",\"inLanguage\":\"fr-FR\",\"potentialAction\":[{\"@type\":\"ReadAction\",\"target\":[\"https:\/\/www.euralexgroup.com\/fr\/expertise\/planification-fiscale\/\"]}]}]}<\/script>\n<!-- \/ Yoast SEO plugin. -->","_links":{"self":[{"href":"https:\/\/www.euralexgroup.com\/fr\/wp-json\/wp\/v2\/pages\/1111"}],"collection":[{"href":"https:\/\/www.euralexgroup.com\/fr\/wp-json\/wp\/v2\/pages"}],"about":[{"href":"https:\/\/www.euralexgroup.com\/fr\/wp-json\/wp\/v2\/types\/page"}],"author":[{"embeddable":true,"href":"https:\/\/www.euralexgroup.com\/fr\/wp-json\/wp\/v2\/users\/2"}],"replies":[{"embeddable":true,"href":"https:\/\/www.euralexgroup.com\/fr\/wp-json\/wp\/v2\/comments?post=1111"}],"version-history":[{"count":3,"href":"https:\/\/www.euralexgroup.com\/fr\/wp-json\/wp\/v2\/pages\/1111\/revisions"}],"predecessor-version":[{"id":1618,"href":"https:\/\/www.euralexgroup.com\/fr\/wp-json\/wp\/v2\/pages\/1111\/revisions\/1618"}],"up":[{"embeddable":true,"href":"https:\/\/www.euralexgroup.com\/fr\/wp-json\/wp\/v2\/pages\/1070"}],"wp:attachment":[{"href":"https:\/\/www.euralexgroup.com\/fr\/wp-json\/wp\/v2\/media?parent=1111"}],"curies":[{"name":"wp","href":"https:\/\/api.w.org\/{rel}","templated":true}]}}