{"id":1107,"date":"2021-01-14T09:36:35","date_gmt":"2021-01-14T08:36:35","guid":{"rendered":"https:\/\/www.euralexgroup.com\/expertise\/immobilier-construction\/"},"modified":"2021-07-13T18:01:51","modified_gmt":"2021-07-13T16:01:51","slug":"immobilier-construction","status":"publish","type":"page","link":"https:\/\/www.euralexgroup.com\/fr\/expertise\/immobilier-construction\/","title":{"rendered":"Immobilier &#038; Construction"},"content":{"rendered":"\t\t<div data-elementor-type=\"wp-page\" data-elementor-id=\"1107\" class=\"elementor elementor-1107 elementor-489\" data-elementor-settings=\"[]\">\n\t\t\t\t\t\t<div class=\"elementor-inner\">\n\t\t\t\t\t\t\t<div class=\"elementor-section-wrap\">\n\t\t\t\t\t\t\t<section class=\"elementor-section elementor-top-section elementor-element elementor-element-ece8441 elementor-section-boxed elementor-section-height-default elementor-section-height-default\" data-id=\"ece8441\" data-element_type=\"section\">\n\t\t\t\t\t\t<div class=\"elementor-container elementor-column-gap-no\">\n\t\t\t\t\t\t\t<div class=\"elementor-row\">\n\t\t\t\t\t<div class=\"elementor-column elementor-col-100 elementor-top-column elementor-element elementor-element-745fd20\" data-id=\"745fd20\" data-element_type=\"column\">\n\t\t\t<div class=\"elementor-column-wrap elementor-element-populated\">\n\t\t\t\t\t\t\t<div class=\"elementor-widget-wrap\">\n\t\t\t\t\t\t<div class=\"elementor-element elementor-element-ab51d06 elementor-widget elementor-widget-heading\" data-id=\"ab51d06\" data-element_type=\"widget\" data-widget_type=\"heading.default\">\n\t\t\t\t<div class=\"elementor-widget-container\">\n\t\t\t<h3 class=\"elementor-heading-title elementor-size-default\">Pr\u00e9sentation<\/h3>\t\t<\/div>\n\t\t\t\t<\/div>\n\t\t\t\t<div class=\"elementor-element elementor-element-0d1263a elementor-widget-divider--view-line elementor-widget elementor-widget-divider\" data-id=\"0d1263a\" data-element_type=\"widget\" data-widget_type=\"divider.default\">\n\t\t\t\t<div class=\"elementor-widget-container\">\n\t\t\t\t\t<div class=\"elementor-divider\">\n\t\t\t<span class=\"elementor-divider-separator\">\n\t\t\t\t\t\t<\/span>\n\t\t<\/div>\n\t\t\t\t<\/div>\n\t\t\t\t<\/div>\n\t\t\t\t<div class=\"elementor-element elementor-element-ecb2109 elementor-widget elementor-widget-text-editor\" data-id=\"ecb2109\" data-element_type=\"widget\" data-widget_type=\"text-editor.default\">\n\t\t\t\t<div class=\"elementor-widget-container\">\n\t\t\t\t\t<div class=\"elementor-text-editor elementor-clearfix\"><p>Notre \u00e9quipe dispose d\u2019une grande exp\u00e9rience dans le domaine de l\u2019immobilier et de la construction.<\/p>\n<\/div>\n\t\t\t\t<\/div>\n\t\t\t\t<\/div>\n\t\t\t\t<div class=\"elementor-element elementor-element-8762e27 elementor-widget elementor-widget-heading\" data-id=\"8762e27\" data-element_type=\"widget\" data-widget_type=\"heading.default\">\n\t\t\t\t<div class=\"elementor-widget-container\">\n\t\t\t<h3 class=\"elementor-heading-title elementor-size-default\">Immobilier <\/h3>\t\t<\/div>\n\t\t\t\t<\/div>\n\t\t\t\t<div class=\"elementor-element elementor-element-f7cf424 elementor-widget-divider--view-line elementor-widget elementor-widget-divider\" data-id=\"f7cf424\" data-element_type=\"widget\" data-widget_type=\"divider.default\">\n\t\t\t\t<div class=\"elementor-widget-container\">\n\t\t\t\t\t<div class=\"elementor-divider\">\n\t\t\t<span class=\"elementor-divider-separator\">\n\t\t\t\t\t\t<\/span>\n\t\t<\/div>\n\t\t\t\t<\/div>\n\t\t\t\t<\/div>\n\t\t\t\t<div class=\"elementor-element elementor-element-44fa006 elementor-widget elementor-widget-text-editor\" data-id=\"44fa006\" data-element_type=\"widget\" data-widget_type=\"text-editor.default\">\n\t\t\t\t<div class=\"elementor-widget-container\">\n\t\t\t\t\t<div class=\"elementor-text-editor elementor-clearfix\"><p>Nous vous assistons notamment dans les domaines suivants relevant du droit de l\u2019immobilier:<\/p>\n<ul>\n<li>conseils juridiques et fiscaux (en ce compris d\u2019optimisation fiscale) en relation avec des transactions immobili\u00e8res<\/li>\n<li>accompagnement \u00e0 la mise en \u0153uvre de projets immobiliers<\/li>\n<li>r\u00e9daction de contrats (baux commerciaux, contrats d\u2019options, etc.)<\/li>\n<li>conseils en relation avec la constitution de droits r\u00e9els (usufruit, emphyt\u00e9ose, superficie, servitudes)<\/li>\n<li>litiges en relation avec des biens immobiliers ou des transactions immobili\u00e8res<\/li>\n<\/ul>\n<\/div>\n\t\t\t\t<\/div>\n\t\t\t\t<\/div>\n\t\t\t\t<div class=\"elementor-element elementor-element-293de29 elementor-widget elementor-widget-heading\" data-id=\"293de29\" data-element_type=\"widget\" data-widget_type=\"heading.default\">\n\t\t\t\t<div class=\"elementor-widget-container\">\n\t\t\t<h3 class=\"elementor-heading-title elementor-size-default\">Droit de la construction<\/h3>\t\t<\/div>\n\t\t\t\t<\/div>\n\t\t\t\t<div class=\"elementor-element elementor-element-4c2c73a elementor-widget-divider--view-line elementor-widget elementor-widget-divider\" data-id=\"4c2c73a\" data-element_type=\"widget\" data-widget_type=\"divider.default\">\n\t\t\t\t<div class=\"elementor-widget-container\">\n\t\t\t\t\t<div class=\"elementor-divider\">\n\t\t\t<span class=\"elementor-divider-separator\">\n\t\t\t\t\t\t<\/span>\n\t\t<\/div>\n\t\t\t\t<\/div>\n\t\t\t\t<\/div>\n\t\t\t\t<div class=\"elementor-element elementor-element-4c87792 elementor-widget elementor-widget-text-editor\" data-id=\"4c87792\" data-element_type=\"widget\" data-widget_type=\"text-editor.default\">\n\t\t\t\t<div class=\"elementor-widget-container\">\n\t\t\t\t\t<div class=\"elementor-text-editor elementor-clearfix\"><p>Nos avocats d\u00e9fendent les int\u00e9r\u00eats des clients (ma\u00eetres de l\u2019ouvrage, entrepreneurs, architectes, promoteurs, sous-traitants, ing\u00e9nieurs, coordinateurs de s\u00e9curit\u00e9, conseillers en PEB, etc.) lors de la n\u00e9gociation et r\u00e9daction de contrats relatifs \u00e0 leurs interventions, ainsi que dans le cadre de chantiers de construction en cours de r\u00e9alisation, mais \u00e9galement dans le cadre d\u2019expertises (judiciaires) et de litiges devant les cours et tribunaux.<\/p>\n<p>Nous conseillons notamment nos clients en ce que concerne leurs missions (conception, contr\u00f4le, etc.), leurs obligations (r\u00e9ceptions provisoires et d\u00e9finitives des travaux, etc.) et leur responsabilit\u00e9 (d\u00e9cennale, vices cach\u00e9s, etc.).<\/p>\n<\/div>\n\t\t\t\t<\/div>\n\t\t\t\t<\/div>\n\t\t\t\t<div class=\"elementor-element elementor-element-933bf1d elementor-widget elementor-widget-heading\" data-id=\"933bf1d\" data-element_type=\"widget\" data-widget_type=\"heading.default\">\n\t\t\t\t<div class=\"elementor-widget-container\">\n\t\t\t<h3 class=\"elementor-heading-title elementor-size-default\">Baux commerciaux<\/h3>\t\t<\/div>\n\t\t\t\t<\/div>\n\t\t\t\t<div class=\"elementor-element elementor-element-c7c44a6 elementor-widget-divider--view-line elementor-widget elementor-widget-divider\" data-id=\"c7c44a6\" data-element_type=\"widget\" data-widget_type=\"divider.default\">\n\t\t\t\t<div class=\"elementor-widget-container\">\n\t\t\t\t\t<div class=\"elementor-divider\">\n\t\t\t<span class=\"elementor-divider-separator\">\n\t\t\t\t\t\t<\/span>\n\t\t<\/div>\n\t\t\t\t<\/div>\n\t\t\t\t<\/div>\n\t\t\t\t<div class=\"elementor-element elementor-element-d60f3fd elementor-widget elementor-widget-text-editor\" data-id=\"d60f3fd\" data-element_type=\"widget\" data-widget_type=\"text-editor.default\">\n\t\t\t\t<div class=\"elementor-widget-container\">\n\t\t\t\t\t<div class=\"elementor-text-editor elementor-clearfix\"><p>Euralex Group a une solide exp\u00e9rience dans le domaine des baux commerciaux (r\u00e9daction et n\u00e9gociation de baux commerciaux, sous-location, renouvellement, r\u00e9vision triennale, r\u00e9solution de litiges, reprise ou cession de fonds de commerce, etc.).<\/p>\n<\/div>\n\t\t\t\t<\/div>\n\t\t\t\t<\/div>\n\t\t\t\t\t\t<\/div>\n\t\t\t\t\t<\/div>\n\t\t<\/div>\n\t\t\t\t\t\t\t\t<\/div>\n\t\t\t\t\t<\/div>\n\t\t<\/section>\n\t\t\t\t\t\t<\/div>\n\t\t\t\t\t\t<\/div>\n\t\t\t\t\t<\/div>\n\t\t","protected":false},"excerpt":{"rendered":"<p>Pr\u00e9sentation Notre \u00e9quipe dispose d\u2019une grande exp\u00e9rience dans le domaine de l\u2019immobilier et de la construction. Immobilier Nous vous assistons notamment dans les domaines suivants relevant du droit de l\u2019immobilier: conseils juridiques et fiscaux (en ce compris d\u2019optimisation fiscale) en relation avec des transactions immobili\u00e8res accompagnement \u00e0 la mise en \u0153uvre de projets immobiliers r\u00e9daction [&hellip;]<\/p>\n","protected":false},"author":2,"featured_media":0,"parent":1070,"menu_order":0,"comment_status":"closed","ping_status":"closed","template":"","meta":[],"yoast_head":"<!-- This site is optimized with the Yoast SEO plugin v15.6.2 - https:\/\/yoast.com\/wordpress\/plugins\/seo\/ -->\n<title>Immobilier &amp; Construction - Euralexgroup<\/title>\n<meta name=\"robots\" content=\"index, follow, max-snippet:-1, max-image-preview:large, max-video-preview:-1\" \/>\n<link rel=\"canonical\" href=\"https:\/\/www.euralexgroup.com\/fr\/expertise\/immobilier-construction\/\" \/>\n<meta property=\"og:locale\" content=\"fr_FR\" \/>\n<meta property=\"og:type\" content=\"article\" \/>\n<meta property=\"og:title\" content=\"Immobilier &amp; Construction - Euralexgroup\" \/>\n<meta property=\"og:description\" content=\"Pr\u00e9sentation Notre \u00e9quipe dispose d\u2019une grande exp\u00e9rience dans le domaine de l\u2019immobilier et de la construction. Immobilier Nous vous assistons notamment dans les domaines suivants relevant du droit de l\u2019immobilier: conseils juridiques et fiscaux (en ce compris d\u2019optimisation fiscale) en relation avec des transactions immobili\u00e8res accompagnement \u00e0 la mise en \u0153uvre de projets immobiliers r\u00e9daction [&hellip;]\" \/>\n<meta property=\"og:url\" content=\"https:\/\/www.euralexgroup.com\/fr\/expertise\/immobilier-construction\/\" \/>\n<meta property=\"og:site_name\" content=\"Euralexgroup\" \/>\n<meta property=\"article:modified_time\" content=\"2021-07-13T16:01:51+00:00\" \/>\n<meta name=\"twitter:card\" content=\"summary_large_image\" \/>\n<meta name=\"twitter:label1\" content=\"Dur\u00e9e de lecture est.\">\n\t<meta name=\"twitter:data1\" content=\"1 minute\">\n<script type=\"application\/ld+json\" class=\"yoast-schema-graph\">{\"@context\":\"https:\/\/schema.org\",\"@graph\":[{\"@type\":\"WebSite\",\"@id\":\"https:\/\/www.euralexgroup.com\/#website\",\"url\":\"https:\/\/www.euralexgroup.com\/\",\"name\":\"Euralexgroup\",\"description\":\"Result oriented business lawyers\",\"potentialAction\":[{\"@type\":\"SearchAction\",\"target\":\"https:\/\/www.euralexgroup.com\/?s={search_term_string}\",\"query-input\":\"required name=search_term_string\"}],\"inLanguage\":\"fr-FR\"},{\"@type\":\"WebPage\",\"@id\":\"https:\/\/www.euralexgroup.com\/fr\/expertise\/immobilier-construction\/#webpage\",\"url\":\"https:\/\/www.euralexgroup.com\/fr\/expertise\/immobilier-construction\/\",\"name\":\"Immobilier & Construction - Euralexgroup\",\"isPartOf\":{\"@id\":\"https:\/\/www.euralexgroup.com\/#website\"},\"datePublished\":\"2021-01-14T08:36:35+00:00\",\"dateModified\":\"2021-07-13T16:01:51+00:00\",\"inLanguage\":\"fr-FR\",\"potentialAction\":[{\"@type\":\"ReadAction\",\"target\":[\"https:\/\/www.euralexgroup.com\/fr\/expertise\/immobilier-construction\/\"]}]}]}<\/script>\n<!-- \/ Yoast SEO plugin. -->","_links":{"self":[{"href":"https:\/\/www.euralexgroup.com\/fr\/wp-json\/wp\/v2\/pages\/1107"}],"collection":[{"href":"https:\/\/www.euralexgroup.com\/fr\/wp-json\/wp\/v2\/pages"}],"about":[{"href":"https:\/\/www.euralexgroup.com\/fr\/wp-json\/wp\/v2\/types\/page"}],"author":[{"embeddable":true,"href":"https:\/\/www.euralexgroup.com\/fr\/wp-json\/wp\/v2\/users\/2"}],"replies":[{"embeddable":true,"href":"https:\/\/www.euralexgroup.com\/fr\/wp-json\/wp\/v2\/comments?post=1107"}],"version-history":[{"count":2,"href":"https:\/\/www.euralexgroup.com\/fr\/wp-json\/wp\/v2\/pages\/1107\/revisions"}],"predecessor-version":[{"id":1610,"href":"https:\/\/www.euralexgroup.com\/fr\/wp-json\/wp\/v2\/pages\/1107\/revisions\/1610"}],"up":[{"embeddable":true,"href":"https:\/\/www.euralexgroup.com\/fr\/wp-json\/wp\/v2\/pages\/1070"}],"wp:attachment":[{"href":"https:\/\/www.euralexgroup.com\/fr\/wp-json\/wp\/v2\/media?parent=1107"}],"curies":[{"name":"wp","href":"https:\/\/api.w.org\/{rel}","templated":true}]}}