{"id":1103,"date":"2021-01-14T09:33:38","date_gmt":"2021-01-14T08:33:38","guid":{"rendered":"https:\/\/www.euralexgroup.com\/expertise\/prevention-coaching-juridique\/"},"modified":"2023-01-18T21:56:44","modified_gmt":"2023-01-18T20:56:44","slug":"prevention-coaching-juridique","status":"publish","type":"page","link":"https:\/\/www.euralexgroup.com\/fr\/expertise\/prevention-coaching-juridique\/","title":{"rendered":"Pr\u00e9vention &#038; Coaching juridique"},"content":{"rendered":"\t\t<div data-elementor-type=\"wp-page\" data-elementor-id=\"1103\" class=\"elementor elementor-1103 elementor-484\" data-elementor-settings=\"[]\">\n\t\t\t\t\t\t<div class=\"elementor-inner\">\n\t\t\t\t\t\t\t<div class=\"elementor-section-wrap\">\n\t\t\t\t\t\t\t<section class=\"elementor-section elementor-top-section elementor-element elementor-element-8f5970d elementor-section-boxed elementor-section-height-default elementor-section-height-default\" data-id=\"8f5970d\" data-element_type=\"section\">\n\t\t\t\t\t\t<div class=\"elementor-container elementor-column-gap-no\">\n\t\t\t\t\t\t\t<div class=\"elementor-row\">\n\t\t\t\t\t<div class=\"elementor-column elementor-col-100 elementor-top-column elementor-element elementor-element-a15f595\" data-id=\"a15f595\" data-element_type=\"column\">\n\t\t\t<div class=\"elementor-column-wrap elementor-element-populated\">\n\t\t\t\t\t\t\t<div class=\"elementor-widget-wrap\">\n\t\t\t\t\t\t<div class=\"elementor-element elementor-element-0626925 elementor-widget elementor-widget-heading\" data-id=\"0626925\" data-element_type=\"widget\" data-widget_type=\"heading.default\">\n\t\t\t\t<div class=\"elementor-widget-container\">\n\t\t\t<h3 class=\"elementor-heading-title elementor-size-default\">Pr\u00e9sentation<\/h3>\t\t<\/div>\n\t\t\t\t<\/div>\n\t\t\t\t<div class=\"elementor-element elementor-element-2b6a2d1 elementor-widget-divider--view-line elementor-widget elementor-widget-divider\" data-id=\"2b6a2d1\" data-element_type=\"widget\" data-widget_type=\"divider.default\">\n\t\t\t\t<div class=\"elementor-widget-container\">\n\t\t\t\t\t<div class=\"elementor-divider\">\n\t\t\t<span class=\"elementor-divider-separator\">\n\t\t\t\t\t\t<\/span>\n\t\t<\/div>\n\t\t\t\t<\/div>\n\t\t\t\t<\/div>\n\t\t\t\t<div class=\"elementor-element elementor-element-3f294c2 elementor-widget elementor-widget-text-editor\" data-id=\"3f294c2\" data-element_type=\"widget\" data-widget_type=\"text-editor.default\">\n\t\t\t\t<div class=\"elementor-widget-container\">\n\t\t\t\t\t<div class=\"elementor-text-editor elementor-clearfix\"><p>Des litiges et des proc\u00e9dures doivent \u00eatre \u00e9vit\u00e9s dans la mesure du possible, car ils consomment des ressources et du temps qui pourraient \u00eatre employ\u00e9s plus utilement et plus productivement pour le d\u00e9veloppement des activit\u00e9s commerciales. En outre, si un litige potentiel est rapidement identifi\u00e9, cela augmente les chances d\u2019une solution rapide, efficace et pr\u00e9ventive.<\/p>\n<\/div>\n\t\t\t\t<\/div>\n\t\t\t\t<\/div>\n\t\t\t\t<div class=\"elementor-element elementor-element-3829d65 elementor-widget elementor-widget-text-editor\" data-id=\"3829d65\" data-element_type=\"widget\" data-widget_type=\"text-editor.default\">\n\t\t\t\t<div class=\"elementor-widget-container\">\n\t\t\t\t\t<div class=\"elementor-text-editor elementor-clearfix\"><p>Nous attachons donc une grande importance \u00e0 la pr\u00e9vention des litiges. Nous d\u00e9veloppons des programmes de pr\u00e9vention des risques et aidons nos clients \u00e0 anticiper, identifier et traiter efficacement \u00e0 l\u2019avance des \u00e9l\u00e9ments pouvant \u00e9ventuellement conduire \u00e0 des litiges. Nous fournissons \u00e9galement des analyses des risques et des solutions dans le cadre de litiges en cours. <\/p>\n<p>Nous fournissons un encadrement et du coaching juridique dans le contexte de la gestion quotidienne par nos clients de leurs relations contractuelles (non litigieuses), et ce non seulement dans le but de pr\u00e9venir des litiges mais aussi afin de renforcer leurs dossiers (et d\u2019augmenter leurs chances de succ\u00e8s) dans l\u2019hypoth\u00e8se o\u00f9 un litige surgirait ult\u00e9rieurement.<\/p>\n<\/div>\n\t\t\t\t<\/div>\n\t\t\t\t<\/div>\n\t\t\t\t\t\t<\/div>\n\t\t\t\t\t<\/div>\n\t\t<\/div>\n\t\t\t\t\t\t\t\t<\/div>\n\t\t\t\t\t<\/div>\n\t\t<\/section>\n\t\t\t\t\t\t<\/div>\n\t\t\t\t\t\t<\/div>\n\t\t\t\t\t<\/div>\n\t\t","protected":false},"excerpt":{"rendered":"<p>Pr\u00e9sentation Des litiges et des proc\u00e9dures doivent \u00eatre \u00e9vit\u00e9s dans la mesure du possible, car ils consomment des ressources et du temps qui pourraient \u00eatre employ\u00e9s plus utilement et plus productivement pour le d\u00e9veloppement des activit\u00e9s commerciales. En outre, si un litige potentiel est rapidement identifi\u00e9, cela augmente les chances d\u2019une solution rapide, efficace et [&hellip;]<\/p>\n","protected":false},"author":2,"featured_media":0,"parent":1070,"menu_order":0,"comment_status":"closed","ping_status":"closed","template":"","meta":[],"yoast_head":"<!-- This site is optimized with the Yoast SEO plugin v15.6.2 - https:\/\/yoast.com\/wordpress\/plugins\/seo\/ -->\n<title>Pr\u00e9vention &amp; Coaching juridique - Euralexgroup<\/title>\n<meta name=\"robots\" content=\"index, follow, max-snippet:-1, max-image-preview:large, max-video-preview:-1\" \/>\n<link rel=\"canonical\" href=\"https:\/\/www.euralexgroup.com\/fr\/expertise\/prevention-coaching-juridique\/\" \/>\n<meta property=\"og:locale\" content=\"fr_FR\" \/>\n<meta property=\"og:type\" content=\"article\" \/>\n<meta property=\"og:title\" content=\"Pr\u00e9vention &amp; Coaching juridique - Euralexgroup\" \/>\n<meta property=\"og:description\" content=\"Pr\u00e9sentation Des litiges et des proc\u00e9dures doivent \u00eatre \u00e9vit\u00e9s dans la mesure du possible, car ils consomment des ressources et du temps qui pourraient \u00eatre employ\u00e9s plus utilement et plus productivement pour le d\u00e9veloppement des activit\u00e9s commerciales. En outre, si un litige potentiel est rapidement identifi\u00e9, cela augmente les chances d\u2019une solution rapide, efficace et [&hellip;]\" \/>\n<meta property=\"og:url\" content=\"https:\/\/www.euralexgroup.com\/fr\/expertise\/prevention-coaching-juridique\/\" \/>\n<meta property=\"og:site_name\" content=\"Euralexgroup\" \/>\n<meta property=\"article:modified_time\" content=\"2023-01-18T20:56:44+00:00\" \/>\n<meta name=\"twitter:card\" content=\"summary_large_image\" \/>\n<meta name=\"twitter:label1\" content=\"Dur\u00e9e de lecture est.\">\n\t<meta name=\"twitter:data1\" content=\"1 minute\">\n<script type=\"application\/ld+json\" class=\"yoast-schema-graph\">{\"@context\":\"https:\/\/schema.org\",\"@graph\":[{\"@type\":\"WebSite\",\"@id\":\"https:\/\/www.euralexgroup.com\/#website\",\"url\":\"https:\/\/www.euralexgroup.com\/\",\"name\":\"Euralexgroup\",\"description\":\"Result oriented business lawyers\",\"potentialAction\":[{\"@type\":\"SearchAction\",\"target\":\"https:\/\/www.euralexgroup.com\/?s={search_term_string}\",\"query-input\":\"required name=search_term_string\"}],\"inLanguage\":\"fr-FR\"},{\"@type\":\"WebPage\",\"@id\":\"https:\/\/www.euralexgroup.com\/fr\/expertise\/prevention-coaching-juridique\/#webpage\",\"url\":\"https:\/\/www.euralexgroup.com\/fr\/expertise\/prevention-coaching-juridique\/\",\"name\":\"Pr\\u00e9vention & Coaching juridique - Euralexgroup\",\"isPartOf\":{\"@id\":\"https:\/\/www.euralexgroup.com\/#website\"},\"datePublished\":\"2021-01-14T08:33:38+00:00\",\"dateModified\":\"2023-01-18T20:56:44+00:00\",\"inLanguage\":\"fr-FR\",\"potentialAction\":[{\"@type\":\"ReadAction\",\"target\":[\"https:\/\/www.euralexgroup.com\/fr\/expertise\/prevention-coaching-juridique\/\"]}]}]}<\/script>\n<!-- \/ Yoast SEO plugin. -->","_links":{"self":[{"href":"https:\/\/www.euralexgroup.com\/fr\/wp-json\/wp\/v2\/pages\/1103"}],"collection":[{"href":"https:\/\/www.euralexgroup.com\/fr\/wp-json\/wp\/v2\/pages"}],"about":[{"href":"https:\/\/www.euralexgroup.com\/fr\/wp-json\/wp\/v2\/types\/page"}],"author":[{"embeddable":true,"href":"https:\/\/www.euralexgroup.com\/fr\/wp-json\/wp\/v2\/users\/2"}],"replies":[{"embeddable":true,"href":"https:\/\/www.euralexgroup.com\/fr\/wp-json\/wp\/v2\/comments?post=1103"}],"version-history":[{"count":2,"href":"https:\/\/www.euralexgroup.com\/fr\/wp-json\/wp\/v2\/pages\/1103\/revisions"}],"predecessor-version":[{"id":1605,"href":"https:\/\/www.euralexgroup.com\/fr\/wp-json\/wp\/v2\/pages\/1103\/revisions\/1605"}],"up":[{"embeddable":true,"href":"https:\/\/www.euralexgroup.com\/fr\/wp-json\/wp\/v2\/pages\/1070"}],"wp:attachment":[{"href":"https:\/\/www.euralexgroup.com\/fr\/wp-json\/wp\/v2\/media?parent=1103"}],"curies":[{"name":"wp","href":"https:\/\/api.w.org\/{rel}","templated":true}]}}