{"id":1093,"date":"2021-01-13T14:07:31","date_gmt":"2021-01-13T13:07:31","guid":{"rendered":"https:\/\/www.euralexgroup.com\/expertise\/resolution-de-litiges\/"},"modified":"2021-07-13T17:06:25","modified_gmt":"2021-07-13T15:06:25","slug":"resolution-de-litiges","status":"publish","type":"page","link":"https:\/\/www.euralexgroup.com\/fr\/expertise\/resolution-de-litiges\/","title":{"rendered":"R\u00e9solution de litiges"},"content":{"rendered":"\t\t<div data-elementor-type=\"wp-page\" data-elementor-id=\"1093\" class=\"elementor elementor-1093 elementor-468\" data-elementor-settings=\"[]\">\n\t\t\t\t\t\t<div class=\"elementor-inner\">\n\t\t\t\t\t\t\t<div class=\"elementor-section-wrap\">\n\t\t\t\t\t\t\t<section class=\"elementor-section elementor-top-section elementor-element elementor-element-1c065c2 elementor-section-boxed elementor-section-height-default elementor-section-height-default\" data-id=\"1c065c2\" data-element_type=\"section\">\n\t\t\t\t\t\t<div class=\"elementor-container elementor-column-gap-no\">\n\t\t\t\t\t\t\t<div class=\"elementor-row\">\n\t\t\t\t\t<div class=\"elementor-column elementor-col-100 elementor-top-column elementor-element elementor-element-4b46bc6\" data-id=\"4b46bc6\" data-element_type=\"column\">\n\t\t\t<div class=\"elementor-column-wrap elementor-element-populated\">\n\t\t\t\t\t\t\t<div class=\"elementor-widget-wrap\">\n\t\t\t\t\t\t<div class=\"elementor-element elementor-element-095be0b elementor-widget elementor-widget-heading\" data-id=\"095be0b\" data-element_type=\"widget\" data-widget_type=\"heading.default\">\n\t\t\t\t<div class=\"elementor-widget-container\">\n\t\t\t<h3 class=\"elementor-heading-title elementor-size-default\">Pr\u00e9sentation<\/h3>\t\t<\/div>\n\t\t\t\t<\/div>\n\t\t\t\t<div class=\"elementor-element elementor-element-0993e29 elementor-widget-divider--view-line elementor-widget elementor-widget-divider\" data-id=\"0993e29\" data-element_type=\"widget\" data-widget_type=\"divider.default\">\n\t\t\t\t<div class=\"elementor-widget-container\">\n\t\t\t\t\t<div class=\"elementor-divider\">\n\t\t\t<span class=\"elementor-divider-separator\">\n\t\t\t\t\t\t<\/span>\n\t\t<\/div>\n\t\t\t\t<\/div>\n\t\t\t\t<\/div>\n\t\t\t\t<div class=\"elementor-element elementor-element-a549994 elementor-widget elementor-widget-text-editor\" data-id=\"a549994\" data-element_type=\"widget\" data-widget_type=\"text-editor.default\">\n\t\t\t\t<div class=\"elementor-widget-container\">\n\t\t\t\t\t<div class=\"elementor-text-editor elementor-clearfix\"><p>Nous attachons beaucoup d\u2019importance \u00e0 l\u2019identification des risques afin d\u2019anticiper et d\u2019\u00e9viter, dans la mesure du possible, des litiges.<\/p>\n<p>Lorsqu\u2019un litige surgit, nous favorisons les solutions n\u00e9goci\u00e9es, ce qui permet d\u2019\u00e9viter une longue proc\u00e9dure.<\/p>\n<p>Cela n\u2019emp\u00eache que nous sommes parfaitement capables de d\u00e9fendre acharnement les int\u00e9r\u00eats de nos clients dans le cadre de proc\u00e9dures judiciaires ou d\u2019arbitrage, si n\u00e9cessaire avec une combativit\u00e9 f\u00e9roce.<\/p>\n<p>Nous pr\u00e9parons ensemble avec nos clients des strat\u00e9gies judiciaires et proc\u00e9durales<\/p>\n<\/div>\n\t\t\t\t<\/div>\n\t\t\t\t<\/div>\n\t\t\t\t<div class=\"elementor-element elementor-element-4fae426 elementor-widget elementor-widget-heading\" data-id=\"4fae426\" data-element_type=\"widget\" data-widget_type=\"heading.default\">\n\t\t\t\t<div class=\"elementor-widget-container\">\n\t\t\t<h3 class=\"elementor-heading-title elementor-size-default\">M\u00e9diation<\/h3>\t\t<\/div>\n\t\t\t\t<\/div>\n\t\t\t\t<div class=\"elementor-element elementor-element-76f83fc elementor-widget-divider--view-line elementor-widget elementor-widget-divider\" data-id=\"76f83fc\" data-element_type=\"widget\" data-widget_type=\"divider.default\">\n\t\t\t\t<div class=\"elementor-widget-container\">\n\t\t\t\t\t<div class=\"elementor-divider\">\n\t\t\t<span class=\"elementor-divider-separator\">\n\t\t\t\t\t\t<\/span>\n\t\t<\/div>\n\t\t\t\t<\/div>\n\t\t\t\t<\/div>\n\t\t\t\t<div class=\"elementor-element elementor-element-9921f14 elementor-widget elementor-widget-text-editor\" data-id=\"9921f14\" data-element_type=\"widget\" data-widget_type=\"text-editor.default\">\n\t\t\t\t<div class=\"elementor-widget-container\">\n\t\t\t\t\t<div class=\"elementor-text-editor elementor-clearfix\"><p>Nos avocats ont de l\u2019exp\u00e9rience dans la m\u00e9diation, qui est l\u2019une des M\u00e9thodes Alternatifs de R\u00e9solution des Conflits (\u00ab MARC \u00bb).<\/p>\n<p>La m\u00e9diation pr\u00e9sente notamment l\u2019avantage du caract\u00e8re confidentiel du processus. La m\u00e9diation est \u00e9galement un processus susceptible d\u2019augmenter la possibilit\u00e9 d\u2019obtenir une d\u00e9cision sur mesure b\u00e9n\u00e9fique pour toutes les parties impliqu\u00e9es dans le litige (win-win).<\/p>\n<\/div>\n\t\t\t\t<\/div>\n\t\t\t\t<\/div>\n\t\t\t\t\t\t<\/div>\n\t\t\t\t\t<\/div>\n\t\t<\/div>\n\t\t\t\t\t\t\t\t<\/div>\n\t\t\t\t\t<\/div>\n\t\t<\/section>\n\t\t\t\t\t\t<\/div>\n\t\t\t\t\t\t<\/div>\n\t\t\t\t\t<\/div>\n\t\t","protected":false},"excerpt":{"rendered":"<p>Pr\u00e9sentation Nous attachons beaucoup d\u2019importance \u00e0 l\u2019identification des risques afin d\u2019anticiper et d\u2019\u00e9viter, dans la mesure du possible, des litiges. Lorsqu\u2019un litige surgit, nous favorisons les solutions n\u00e9goci\u00e9es, ce qui permet d\u2019\u00e9viter une longue proc\u00e9dure. Cela n\u2019emp\u00eache que nous sommes parfaitement capables de d\u00e9fendre acharnement les int\u00e9r\u00eats de nos clients dans le cadre de proc\u00e9dures [&hellip;]<\/p>\n","protected":false},"author":2,"featured_media":0,"parent":1070,"menu_order":0,"comment_status":"closed","ping_status":"closed","template":"","meta":[],"yoast_head":"<!-- This site is optimized with the Yoast SEO plugin v15.6.2 - https:\/\/yoast.com\/wordpress\/plugins\/seo\/ -->\n<title>R\u00e9solution de litiges - Euralexgroup<\/title>\n<meta name=\"robots\" content=\"index, follow, max-snippet:-1, max-image-preview:large, max-video-preview:-1\" \/>\n<link rel=\"canonical\" href=\"https:\/\/www.euralexgroup.com\/fr\/expertise\/resolution-de-litiges\/\" \/>\n<meta property=\"og:locale\" content=\"fr_FR\" \/>\n<meta property=\"og:type\" content=\"article\" \/>\n<meta property=\"og:title\" content=\"R\u00e9solution de litiges - Euralexgroup\" \/>\n<meta property=\"og:description\" content=\"Pr\u00e9sentation Nous attachons beaucoup d\u2019importance \u00e0 l\u2019identification des risques afin d\u2019anticiper et d\u2019\u00e9viter, dans la mesure du possible, des litiges. Lorsqu\u2019un litige surgit, nous favorisons les solutions n\u00e9goci\u00e9es, ce qui permet d\u2019\u00e9viter une longue proc\u00e9dure. Cela n\u2019emp\u00eache que nous sommes parfaitement capables de d\u00e9fendre acharnement les int\u00e9r\u00eats de nos clients dans le cadre de proc\u00e9dures [&hellip;]\" \/>\n<meta property=\"og:url\" content=\"https:\/\/www.euralexgroup.com\/fr\/expertise\/resolution-de-litiges\/\" \/>\n<meta property=\"og:site_name\" content=\"Euralexgroup\" \/>\n<meta property=\"article:modified_time\" content=\"2021-07-13T15:06:25+00:00\" \/>\n<meta name=\"twitter:card\" content=\"summary_large_image\" \/>\n<meta name=\"twitter:label1\" content=\"Dur\u00e9e de lecture est.\">\n\t<meta name=\"twitter:data1\" content=\"1 minute\">\n<script type=\"application\/ld+json\" class=\"yoast-schema-graph\">{\"@context\":\"https:\/\/schema.org\",\"@graph\":[{\"@type\":\"WebSite\",\"@id\":\"https:\/\/www.euralexgroup.com\/#website\",\"url\":\"https:\/\/www.euralexgroup.com\/\",\"name\":\"Euralexgroup\",\"description\":\"Result oriented business lawyers\",\"potentialAction\":[{\"@type\":\"SearchAction\",\"target\":\"https:\/\/www.euralexgroup.com\/?s={search_term_string}\",\"query-input\":\"required name=search_term_string\"}],\"inLanguage\":\"fr-FR\"},{\"@type\":\"WebPage\",\"@id\":\"https:\/\/www.euralexgroup.com\/fr\/expertise\/resolution-de-litiges\/#webpage\",\"url\":\"https:\/\/www.euralexgroup.com\/fr\/expertise\/resolution-de-litiges\/\",\"name\":\"R\\u00e9solution de litiges - Euralexgroup\",\"isPartOf\":{\"@id\":\"https:\/\/www.euralexgroup.com\/#website\"},\"datePublished\":\"2021-01-13T13:07:31+00:00\",\"dateModified\":\"2021-07-13T15:06:25+00:00\",\"inLanguage\":\"fr-FR\",\"potentialAction\":[{\"@type\":\"ReadAction\",\"target\":[\"https:\/\/www.euralexgroup.com\/fr\/expertise\/resolution-de-litiges\/\"]}]}]}<\/script>\n<!-- \/ Yoast SEO plugin. -->","_links":{"self":[{"href":"https:\/\/www.euralexgroup.com\/fr\/wp-json\/wp\/v2\/pages\/1093"}],"collection":[{"href":"https:\/\/www.euralexgroup.com\/fr\/wp-json\/wp\/v2\/pages"}],"about":[{"href":"https:\/\/www.euralexgroup.com\/fr\/wp-json\/wp\/v2\/types\/page"}],"author":[{"embeddable":true,"href":"https:\/\/www.euralexgroup.com\/fr\/wp-json\/wp\/v2\/users\/2"}],"replies":[{"embeddable":true,"href":"https:\/\/www.euralexgroup.com\/fr\/wp-json\/wp\/v2\/comments?post=1093"}],"version-history":[{"count":2,"href":"https:\/\/www.euralexgroup.com\/fr\/wp-json\/wp\/v2\/pages\/1093\/revisions"}],"predecessor-version":[{"id":1566,"href":"https:\/\/www.euralexgroup.com\/fr\/wp-json\/wp\/v2\/pages\/1093\/revisions\/1566"}],"up":[{"embeddable":true,"href":"https:\/\/www.euralexgroup.com\/fr\/wp-json\/wp\/v2\/pages\/1070"}],"wp:attachment":[{"href":"https:\/\/www.euralexgroup.com\/fr\/wp-json\/wp\/v2\/media?parent=1093"}],"curies":[{"name":"wp","href":"https:\/\/api.w.org\/{rel}","templated":true}]}}