{"id":1084,"date":"2021-01-13T12:54:41","date_gmt":"2021-01-13T11:54:41","guid":{"rendered":"https:\/\/www.euralexgroup.com\/expertise\/droit-des-entreprises-ma\/"},"modified":"2023-01-18T21:49:29","modified_gmt":"2023-01-18T20:49:29","slug":"droit-des-entreprises-ma","status":"publish","type":"page","link":"https:\/\/www.euralexgroup.com\/fr\/expertise\/droit-des-entreprises-ma\/","title":{"rendered":"Droit des entreprises \/ M&#038;A"},"content":{"rendered":"\t\t<div data-elementor-type=\"wp-page\" data-elementor-id=\"1084\" class=\"elementor elementor-1084 elementor-452\" data-elementor-settings=\"[]\">\n\t\t\t\t\t\t<div class=\"elementor-inner\">\n\t\t\t\t\t\t\t<div class=\"elementor-section-wrap\">\n\t\t\t\t\t\t\t<section class=\"elementor-section elementor-top-section elementor-element elementor-element-6366b226 elementor-section-boxed elementor-section-height-default elementor-section-height-default\" data-id=\"6366b226\" data-element_type=\"section\">\n\t\t\t\t\t\t<div class=\"elementor-container elementor-column-gap-no\">\n\t\t\t\t\t\t\t<div class=\"elementor-row\">\n\t\t\t\t\t<div class=\"elementor-column elementor-col-100 elementor-top-column elementor-element elementor-element-59b15b9\" data-id=\"59b15b9\" data-element_type=\"column\">\n\t\t\t<div class=\"elementor-column-wrap elementor-element-populated\">\n\t\t\t\t\t\t\t<div class=\"elementor-widget-wrap\">\n\t\t\t\t\t\t<div class=\"elementor-element elementor-element-3b8a4a84 elementor-widget elementor-widget-heading\" data-id=\"3b8a4a84\" data-element_type=\"widget\" data-widget_type=\"heading.default\">\n\t\t\t\t<div class=\"elementor-widget-container\">\n\t\t\t<h3 class=\"elementor-heading-title elementor-size-default\">Pr\u00e9sentation<\/h3>\t\t<\/div>\n\t\t\t\t<\/div>\n\t\t\t\t<div class=\"elementor-element elementor-element-1665aa9 elementor-widget-divider--view-line elementor-widget elementor-widget-divider\" data-id=\"1665aa9\" data-element_type=\"widget\" data-widget_type=\"divider.default\">\n\t\t\t\t<div class=\"elementor-widget-container\">\n\t\t\t\t\t<div class=\"elementor-divider\">\n\t\t\t<span class=\"elementor-divider-separator\">\n\t\t\t\t\t\t<\/span>\n\t\t<\/div>\n\t\t\t\t<\/div>\n\t\t\t\t<\/div>\n\t\t\t\t<div class=\"elementor-element elementor-element-10a53d4d elementor-widget elementor-widget-text-editor\" data-id=\"10a53d4d\" data-element_type=\"widget\" data-widget_type=\"text-editor.default\">\n\t\t\t\t<div class=\"elementor-widget-container\">\n\t\t\t\t\t<div class=\"elementor-text-editor elementor-clearfix\"><p>Nous offrons une assistance cibl\u00e9e et efficace dans le cadre de fusions &amp; acquisitions et de dossiers qui rel\u00e8vent du droit des soci\u00e9t\u00e9s. Nous disposons d\u2019une vaste exp\u00e9rience et d\u2019une haute expertise dans ces domaines juridiques.<\/p>\n<\/div>\n\t\t\t\t<\/div>\n\t\t\t\t<\/div>\n\t\t\t\t<div class=\"elementor-element elementor-element-09666bc elementor-widget elementor-widget-heading\" data-id=\"09666bc\" data-element_type=\"widget\" data-widget_type=\"heading.default\">\n\t\t\t\t<div class=\"elementor-widget-container\">\n\t\t\t<h3 class=\"elementor-heading-title elementor-size-default\">Droits des soci\u00e9t\u00e9s<\/h3>\t\t<\/div>\n\t\t\t\t<\/div>\n\t\t\t\t<div class=\"elementor-element elementor-element-7ec4112 elementor-widget-divider--view-line elementor-widget elementor-widget-divider\" data-id=\"7ec4112\" data-element_type=\"widget\" data-widget_type=\"divider.default\">\n\t\t\t\t<div class=\"elementor-widget-container\">\n\t\t\t\t\t<div class=\"elementor-divider\">\n\t\t\t<span class=\"elementor-divider-separator\">\n\t\t\t\t\t\t<\/span>\n\t\t<\/div>\n\t\t\t\t<\/div>\n\t\t\t\t<\/div>\n\t\t\t\t<div class=\"elementor-element elementor-element-c8a89c0 elementor-widget elementor-widget-text-editor\" data-id=\"c8a89c0\" data-element_type=\"widget\" data-widget_type=\"text-editor.default\">\n\t\t\t\t<div class=\"elementor-widget-container\">\n\t\t\t\t\t<div class=\"elementor-text-editor elementor-clearfix\"><p>Nous accompagnons nos clients dans toutes les situations qu\u2019une soci\u00e9t\u00e9 peut rencontrer au long de son existence.<\/p>\n<p>Ainsi, notre pratique quotidienne comprend notamment:<\/p>\n<ul>\n<li>les restructurations et r\u00e9organisations, les scissions, fusions, acquisitions, cessions d\u2019actifs, transfert d\u2019actions, MBO\u2019s, etc.<\/li>\n<li>la constitution de soci\u00e9t\u00e9s (en ce compris le conseil juridique et fiscal pr\u00e9alable \u00e0 la constitution)<\/li>\n<li>le corporate housekeeping<\/li>\n<li>joint ventures<\/li>\n<li>la n\u00e9gociation et r\u00e9daction de contrats de management<\/li>\n<li>l\u2019accompagnement des administrateurs, du conseil d\u2019administration ou des actionnaires<\/li>\n<li>la n\u00e9gociation et la r\u00e9daction de pactes d\u2019actionnaires<\/li>\n<li>les dissolutions et liquidations de soci\u00e9t\u00e9s<\/li>\n<li>la r\u00e9solution de litiges impliquant des soci\u00e9t\u00e9s, des actionnaires, des directeurs et\/ou le management, ainsi que les litiges portant sur la responsabilit\u00e9 des administrateurs.<\/li>\n<\/ul>\n<\/div>\n\t\t\t\t<\/div>\n\t\t\t\t<\/div>\n\t\t\t\t<div class=\"elementor-element elementor-element-c572138 elementor-widget elementor-widget-heading\" data-id=\"c572138\" data-element_type=\"widget\" data-widget_type=\"heading.default\">\n\t\t\t\t<div class=\"elementor-widget-container\">\n\t\t\t<h3 class=\"elementor-heading-title elementor-size-default\">Fusions & acquisitions<\/h3>\t\t<\/div>\n\t\t\t\t<\/div>\n\t\t\t\t<div class=\"elementor-element elementor-element-7e0990b elementor-widget-divider--view-line elementor-widget elementor-widget-divider\" data-id=\"7e0990b\" data-element_type=\"widget\" data-widget_type=\"divider.default\">\n\t\t\t\t<div class=\"elementor-widget-container\">\n\t\t\t\t\t<div class=\"elementor-divider\">\n\t\t\t<span class=\"elementor-divider-separator\">\n\t\t\t\t\t\t<\/span>\n\t\t<\/div>\n\t\t\t\t<\/div>\n\t\t\t\t<\/div>\n\t\t\t\t<div class=\"elementor-element elementor-element-826cb53 elementor-widget elementor-widget-text-editor\" data-id=\"826cb53\" data-element_type=\"widget\" data-widget_type=\"text-editor.default\">\n\t\t\t\t<div class=\"elementor-widget-container\">\n\t\t\t\t\t<div class=\"elementor-text-editor elementor-clearfix\"><p>Nous assistons nos clients dans l\u2019acquisition ou la vente d\u2019entreprises ou de parties d\u2019entreprises.<\/p>\n<p>Nous nous occupons notamment de la n\u00e9gociation et de la r\u00e9daction de lettres d\u2019intention\/protocoles d\u2019accord, contrats de confidentialit\u00e9, contrat de cession d\u2019actions et contrats de cession de fonds de commerce, ainsi que dans la pr\u00e9paration de rapports de due diligence.<\/p>\n<\/div>\n\t\t\t\t<\/div>\n\t\t\t\t<\/div>\n\t\t\t\t<div class=\"elementor-element elementor-element-8bd1383 elementor-widget elementor-widget-heading\" data-id=\"8bd1383\" data-element_type=\"widget\" data-widget_type=\"heading.default\">\n\t\t\t\t<div class=\"elementor-widget-container\">\n\t\t\t<h3 class=\"elementor-heading-title elementor-size-default\">Litiges entre actionnaires<\/h3>\t\t<\/div>\n\t\t\t\t<\/div>\n\t\t\t\t<div class=\"elementor-element elementor-element-3e19e3a elementor-widget-divider--view-line elementor-widget elementor-widget-divider\" data-id=\"3e19e3a\" data-element_type=\"widget\" data-widget_type=\"divider.default\">\n\t\t\t\t<div class=\"elementor-widget-container\">\n\t\t\t\t\t<div class=\"elementor-divider\">\n\t\t\t<span class=\"elementor-divider-separator\">\n\t\t\t\t\t\t<\/span>\n\t\t<\/div>\n\t\t\t\t<\/div>\n\t\t\t\t<\/div>\n\t\t\t\t<div class=\"elementor-element elementor-element-ad3cb72 elementor-widget elementor-widget-text-editor\" data-id=\"ad3cb72\" data-element_type=\"widget\" data-widget_type=\"text-editor.default\">\n\t\t\t\t<div class=\"elementor-widget-container\">\n\t\t\t\t\t<div class=\"elementor-text-editor elementor-clearfix\"><p>Nous assistons nos clients dans la pr\u00e9vention de conflits entre actionnaires mais aussi, en cas de conflit, dans le r\u00e8glement de celui-ci, que ce soit par la n\u00e9gociation d\u2019un accord amiable ou en d\u00e9fendant acharnement vos int\u00e9r\u00eats dans le cadre d\u2019une proc\u00e9dure judiciaire.<\/p>\n<\/div>\n\t\t\t\t<\/div>\n\t\t\t\t<\/div>\n\t\t\t\t<div class=\"elementor-element elementor-element-95b5ce0 elementor-widget elementor-widget-heading\" data-id=\"95b5ce0\" data-element_type=\"widget\" data-widget_type=\"heading.default\">\n\t\t\t\t<div class=\"elementor-widget-container\">\n\t\t\t<h3 class=\"elementor-heading-title elementor-size-default\">Responsabilit\u00e9 d\u2019administrateurs<\/h3>\t\t<\/div>\n\t\t\t\t<\/div>\n\t\t\t\t<div class=\"elementor-element elementor-element-5b6a05d elementor-widget-divider--view-line elementor-widget elementor-widget-divider\" data-id=\"5b6a05d\" data-element_type=\"widget\" data-widget_type=\"divider.default\">\n\t\t\t\t<div class=\"elementor-widget-container\">\n\t\t\t\t\t<div class=\"elementor-divider\">\n\t\t\t<span class=\"elementor-divider-separator\">\n\t\t\t\t\t\t<\/span>\n\t\t<\/div>\n\t\t\t\t<\/div>\n\t\t\t\t<\/div>\n\t\t\t\t<div class=\"elementor-element elementor-element-c233b6d elementor-widget elementor-widget-text-editor\" data-id=\"c233b6d\" data-element_type=\"widget\" data-widget_type=\"text-editor.default\">\n\t\t\t\t<div class=\"elementor-widget-container\">\n\t\t\t\t\t<div class=\"elementor-text-editor elementor-clearfix\"><p>Nous assistons et conseillons nos clients non seulement en droit g\u00e9n\u00e9ral des soci\u00e9t\u00e9s et dans le cadre de transactions, mais aussi dans le cadre de litiges impliquant le droit des soci\u00e9t\u00e9s et notamment en d\u00e9fendant des administrateurs qui sont confront\u00e9s \u00e0 une action en responsabilit\u00e9.<\/p>\n<\/div>\n\t\t\t\t<\/div>\n\t\t\t\t<\/div>\n\t\t\t\t\t\t<\/div>\n\t\t\t\t\t<\/div>\n\t\t<\/div>\n\t\t\t\t\t\t\t\t<\/div>\n\t\t\t\t\t<\/div>\n\t\t<\/section>\n\t\t\t\t\t\t<\/div>\n\t\t\t\t\t\t<\/div>\n\t\t\t\t\t<\/div>\n\t\t","protected":false},"excerpt":{"rendered":"<p>Pr\u00e9sentation Nous offrons une assistance cibl\u00e9e et efficace dans le cadre de fusions &amp; acquisitions et de dossiers qui rel\u00e8vent du droit des soci\u00e9t\u00e9s. Nous disposons d\u2019une vaste exp\u00e9rience et d\u2019une haute expertise dans ces domaines juridiques. Droits des soci\u00e9t\u00e9s Nous accompagnons nos clients dans toutes les situations qu\u2019une soci\u00e9t\u00e9 peut rencontrer au long de [&hellip;]<\/p>\n","protected":false},"author":2,"featured_media":0,"parent":1070,"menu_order":0,"comment_status":"closed","ping_status":"closed","template":"","meta":[],"yoast_head":"<!-- This site is optimized with the Yoast SEO plugin v15.6.2 - https:\/\/yoast.com\/wordpress\/plugins\/seo\/ -->\n<title>Droit des entreprises \/ M&amp;A - Euralexgroup<\/title>\n<meta name=\"robots\" content=\"index, follow, max-snippet:-1, max-image-preview:large, max-video-preview:-1\" \/>\n<link rel=\"canonical\" href=\"https:\/\/www.euralexgroup.com\/fr\/expertise\/droit-des-entreprises-ma\/\" \/>\n<meta property=\"og:locale\" content=\"fr_FR\" \/>\n<meta property=\"og:type\" content=\"article\" \/>\n<meta property=\"og:title\" content=\"Droit des entreprises \/ M&amp;A - Euralexgroup\" \/>\n<meta property=\"og:description\" content=\"Pr\u00e9sentation Nous offrons une assistance cibl\u00e9e et efficace dans le cadre de fusions &amp; acquisitions et de dossiers qui rel\u00e8vent du droit des soci\u00e9t\u00e9s. Nous disposons d\u2019une vaste exp\u00e9rience et d\u2019une haute expertise dans ces domaines juridiques. Droits des soci\u00e9t\u00e9s Nous accompagnons nos clients dans toutes les situations qu\u2019une soci\u00e9t\u00e9 peut rencontrer au long de [&hellip;]\" \/>\n<meta property=\"og:url\" content=\"https:\/\/www.euralexgroup.com\/fr\/expertise\/droit-des-entreprises-ma\/\" \/>\n<meta property=\"og:site_name\" content=\"Euralexgroup\" \/>\n<meta property=\"article:modified_time\" content=\"2023-01-18T20:49:29+00:00\" \/>\n<meta name=\"twitter:card\" content=\"summary_large_image\" \/>\n<meta name=\"twitter:label1\" content=\"Dur\u00e9e de lecture est.\">\n\t<meta name=\"twitter:data1\" content=\"2 minutes\">\n<script type=\"application\/ld+json\" class=\"yoast-schema-graph\">{\"@context\":\"https:\/\/schema.org\",\"@graph\":[{\"@type\":\"WebSite\",\"@id\":\"https:\/\/www.euralexgroup.com\/#website\",\"url\":\"https:\/\/www.euralexgroup.com\/\",\"name\":\"Euralexgroup\",\"description\":\"Result oriented business lawyers\",\"potentialAction\":[{\"@type\":\"SearchAction\",\"target\":\"https:\/\/www.euralexgroup.com\/?s={search_term_string}\",\"query-input\":\"required name=search_term_string\"}],\"inLanguage\":\"fr-FR\"},{\"@type\":\"WebPage\",\"@id\":\"https:\/\/www.euralexgroup.com\/fr\/expertise\/droit-des-entreprises-ma\/#webpage\",\"url\":\"https:\/\/www.euralexgroup.com\/fr\/expertise\/droit-des-entreprises-ma\/\",\"name\":\"Droit des entreprises \/ M&A - Euralexgroup\",\"isPartOf\":{\"@id\":\"https:\/\/www.euralexgroup.com\/#website\"},\"datePublished\":\"2021-01-13T11:54:41+00:00\",\"dateModified\":\"2023-01-18T20:49:29+00:00\",\"inLanguage\":\"fr-FR\",\"potentialAction\":[{\"@type\":\"ReadAction\",\"target\":[\"https:\/\/www.euralexgroup.com\/fr\/expertise\/droit-des-entreprises-ma\/\"]}]}]}<\/script>\n<!-- \/ Yoast SEO plugin. -->","_links":{"self":[{"href":"https:\/\/www.euralexgroup.com\/fr\/wp-json\/wp\/v2\/pages\/1084"}],"collection":[{"href":"https:\/\/www.euralexgroup.com\/fr\/wp-json\/wp\/v2\/pages"}],"about":[{"href":"https:\/\/www.euralexgroup.com\/fr\/wp-json\/wp\/v2\/types\/page"}],"author":[{"embeddable":true,"href":"https:\/\/www.euralexgroup.com\/fr\/wp-json\/wp\/v2\/users\/2"}],"replies":[{"embeddable":true,"href":"https:\/\/www.euralexgroup.com\/fr\/wp-json\/wp\/v2\/comments?post=1084"}],"version-history":[{"count":4,"href":"https:\/\/www.euralexgroup.com\/fr\/wp-json\/wp\/v2\/pages\/1084\/revisions"}],"predecessor-version":[{"id":1945,"href":"https:\/\/www.euralexgroup.com\/fr\/wp-json\/wp\/v2\/pages\/1084\/revisions\/1945"}],"up":[{"embeddable":true,"href":"https:\/\/www.euralexgroup.com\/fr\/wp-json\/wp\/v2\/pages\/1070"}],"wp:attachment":[{"href":"https:\/\/www.euralexgroup.com\/fr\/wp-json\/wp\/v2\/media?parent=1084"}],"curies":[{"name":"wp","href":"https:\/\/api.w.org\/{rel}","templated":true}]}}