{"id":1076,"date":"2021-01-13T12:50:15","date_gmt":"2021-01-13T11:50:15","guid":{"rendered":"https:\/\/www.euralexgroup.com\/expertise\/responsabilite-et-deontologie-de-lexpert-comptable\/"},"modified":"2023-01-18T22:00:50","modified_gmt":"2023-01-18T21:00:50","slug":"responsabilite-et-deontologie-de-lexpert-comptable","status":"publish","type":"page","link":"https:\/\/www.euralexgroup.com\/fr\/expertise\/responsabilite-et-deontologie-de-lexpert-comptable\/","title":{"rendered":"Responsabilit\u00e9 et d\u00e9ontologie de l\u2019expert-comptable"},"content":{"rendered":"\t\t<div data-elementor-type=\"wp-page\" data-elementor-id=\"1076\" class=\"elementor elementor-1076 elementor-496\" data-elementor-settings=\"[]\">\n\t\t\t\t\t\t<div class=\"elementor-inner\">\n\t\t\t\t\t\t\t<div class=\"elementor-section-wrap\">\n\t\t\t\t\t\t\t<section class=\"elementor-section elementor-top-section elementor-element elementor-element-30b5d60 elementor-section-boxed elementor-section-height-default elementor-section-height-default\" data-id=\"30b5d60\" data-element_type=\"section\">\n\t\t\t\t\t\t<div class=\"elementor-container elementor-column-gap-no\">\n\t\t\t\t\t\t\t<div class=\"elementor-row\">\n\t\t\t\t\t<div class=\"elementor-column elementor-col-100 elementor-top-column elementor-element elementor-element-c4fc737\" data-id=\"c4fc737\" data-element_type=\"column\">\n\t\t\t<div class=\"elementor-column-wrap elementor-element-populated\">\n\t\t\t\t\t\t\t<div class=\"elementor-widget-wrap\">\n\t\t\t\t\t\t<div class=\"elementor-element elementor-element-9f8972d elementor-widget elementor-widget-heading\" data-id=\"9f8972d\" data-element_type=\"widget\" data-widget_type=\"heading.default\">\n\t\t\t\t<div class=\"elementor-widget-container\">\n\t\t\t<h3 class=\"elementor-heading-title elementor-size-default\">Pr\u00e9sentation<\/h3>\t\t<\/div>\n\t\t\t\t<\/div>\n\t\t\t\t<div class=\"elementor-element elementor-element-01226ab elementor-widget-divider--view-line elementor-widget elementor-widget-divider\" data-id=\"01226ab\" data-element_type=\"widget\" data-widget_type=\"divider.default\">\n\t\t\t\t<div class=\"elementor-widget-container\">\n\t\t\t\t\t<div class=\"elementor-divider\">\n\t\t\t<span class=\"elementor-divider-separator\">\n\t\t\t\t\t\t<\/span>\n\t\t<\/div>\n\t\t\t\t<\/div>\n\t\t\t\t<\/div>\n\t\t\t\t<div class=\"elementor-element elementor-element-ed1cfce elementor-widget elementor-widget-text-editor\" data-id=\"ed1cfce\" data-element_type=\"widget\" data-widget_type=\"text-editor.default\">\n\t\t\t\t<div class=\"elementor-widget-container\">\n\t\t\t\t\t<div class=\"elementor-text-editor elementor-clearfix\"><p>La profession d\u2019expert-comptable et de conseil fiscal et son cadre juridique exposent les experts-comptables et les cabinets comptables \u00e0 des niveaux croissants de risque et de responsabilit\u00e9.<\/p>\n<\/div>\n\t\t\t\t<\/div>\n\t\t\t\t<\/div>\n\t\t\t\t<div class=\"elementor-element elementor-element-4c004f4 elementor-widget elementor-widget-text-editor\" data-id=\"4c004f4\" data-element_type=\"widget\" data-widget_type=\"text-editor.default\">\n\t\t\t\t<div class=\"elementor-widget-container\">\n\t\t\t\t\t<div class=\"elementor-text-editor elementor-clearfix\"><p>Nous avons une \u00e9quipe d\u2019avocats dynamique et proactive qui se consacre avec un d\u00e9vouement unique et une combativit\u00e9 f\u00e9roce \u00e0 la d\u00e9fense de la r\u00e9putation et des int\u00e9r\u00eats des experts-comptables et des cabinets comptables.\u00a0Nous conseillons nos clients sur les r\u00e8gles l\u00e9gales et d\u00e9ontologiques applicables aux membres de l\u2019ITAA ainsi que dans les mati\u00e8res de droit comptable et de droit fiscal.<\/p>\n<p>Nous avons une grande expertise dans la d\u00e9fense des experts-comptables lorsque leur responsabilit\u00e9 professionnelle est engag\u00e9e ainsi que dans le cadre de proc\u00e9dure disciplinaires.\u00a0Nous partageons la m\u00eame passion du d\u00e9vouement au service \u00e0 la client\u00e8le que les experts-comptables que nous assistons.\u00a0Nous attachons \u00e9galement une grande importance \u00e0 la pr\u00e9vention (mieux vaut pr\u00e9venir que gu\u00e9rir).<\/p>\n<\/div>\n\t\t\t\t<\/div>\n\t\t\t\t<\/div>\n\t\t\t\t\t\t<\/div>\n\t\t\t\t\t<\/div>\n\t\t<\/div>\n\t\t\t\t\t\t\t\t<\/div>\n\t\t\t\t\t<\/div>\n\t\t<\/section>\n\t\t\t\t\t\t<\/div>\n\t\t\t\t\t\t<\/div>\n\t\t\t\t\t<\/div>\n\t\t","protected":false},"excerpt":{"rendered":"<p>Pr\u00e9sentation La profession d\u2019expert-comptable et de conseil fiscal et son cadre juridique exposent les experts-comptables et les cabinets comptables \u00e0 des niveaux croissants de risque et de responsabilit\u00e9. Nous avons une \u00e9quipe d\u2019avocats dynamique et proactive qui se consacre avec un d\u00e9vouement unique et une combativit\u00e9 f\u00e9roce \u00e0 la d\u00e9fense de la r\u00e9putation et des [&hellip;]<\/p>\n","protected":false},"author":2,"featured_media":0,"parent":1070,"menu_order":0,"comment_status":"closed","ping_status":"closed","template":"","meta":[],"yoast_head":"<!-- This site is optimized with the Yoast SEO plugin v15.6.2 - https:\/\/yoast.com\/wordpress\/plugins\/seo\/ -->\n<title>Responsabilit\u00e9 et d\u00e9ontologie de l\u2019expert-comptable - Euralexgroup<\/title>\n<meta name=\"robots\" content=\"index, follow, max-snippet:-1, max-image-preview:large, max-video-preview:-1\" \/>\n<link rel=\"canonical\" href=\"https:\/\/www.euralexgroup.com\/fr\/expertise\/responsabilite-et-deontologie-de-lexpert-comptable\/\" \/>\n<meta property=\"og:locale\" content=\"fr_FR\" \/>\n<meta property=\"og:type\" content=\"article\" \/>\n<meta property=\"og:title\" content=\"Responsabilit\u00e9 et d\u00e9ontologie de l\u2019expert-comptable - Euralexgroup\" \/>\n<meta property=\"og:description\" content=\"Pr\u00e9sentation La profession d\u2019expert-comptable et de conseil fiscal et son cadre juridique exposent les experts-comptables et les cabinets comptables \u00e0 des niveaux croissants de risque et de responsabilit\u00e9. Nous avons une \u00e9quipe d\u2019avocats dynamique et proactive qui se consacre avec un d\u00e9vouement unique et une combativit\u00e9 f\u00e9roce \u00e0 la d\u00e9fense de la r\u00e9putation et des [&hellip;]\" \/>\n<meta property=\"og:url\" content=\"https:\/\/www.euralexgroup.com\/fr\/expertise\/responsabilite-et-deontologie-de-lexpert-comptable\/\" \/>\n<meta property=\"og:site_name\" content=\"Euralexgroup\" \/>\n<meta property=\"article:modified_time\" content=\"2023-01-18T21:00:50+00:00\" \/>\n<meta name=\"twitter:card\" content=\"summary_large_image\" \/>\n<meta name=\"twitter:label1\" content=\"Dur\u00e9e de lecture est.\">\n\t<meta name=\"twitter:data1\" content=\"1 minute\">\n<script type=\"application\/ld+json\" class=\"yoast-schema-graph\">{\"@context\":\"https:\/\/schema.org\",\"@graph\":[{\"@type\":\"WebSite\",\"@id\":\"https:\/\/www.euralexgroup.com\/#website\",\"url\":\"https:\/\/www.euralexgroup.com\/\",\"name\":\"Euralexgroup\",\"description\":\"Result oriented business lawyers\",\"potentialAction\":[{\"@type\":\"SearchAction\",\"target\":\"https:\/\/www.euralexgroup.com\/?s={search_term_string}\",\"query-input\":\"required name=search_term_string\"}],\"inLanguage\":\"fr-FR\"},{\"@type\":\"WebPage\",\"@id\":\"https:\/\/www.euralexgroup.com\/fr\/expertise\/responsabilite-et-deontologie-de-lexpert-comptable\/#webpage\",\"url\":\"https:\/\/www.euralexgroup.com\/fr\/expertise\/responsabilite-et-deontologie-de-lexpert-comptable\/\",\"name\":\"Responsabilit\\u00e9 et d\\u00e9ontologie de l\\u2019expert-comptable - Euralexgroup\",\"isPartOf\":{\"@id\":\"https:\/\/www.euralexgroup.com\/#website\"},\"datePublished\":\"2021-01-13T11:50:15+00:00\",\"dateModified\":\"2023-01-18T21:00:50+00:00\",\"inLanguage\":\"fr-FR\",\"potentialAction\":[{\"@type\":\"ReadAction\",\"target\":[\"https:\/\/www.euralexgroup.com\/fr\/expertise\/responsabilite-et-deontologie-de-lexpert-comptable\/\"]}]}]}<\/script>\n<!-- \/ Yoast SEO plugin. -->","_links":{"self":[{"href":"https:\/\/www.euralexgroup.com\/fr\/wp-json\/wp\/v2\/pages\/1076"}],"collection":[{"href":"https:\/\/www.euralexgroup.com\/fr\/wp-json\/wp\/v2\/pages"}],"about":[{"href":"https:\/\/www.euralexgroup.com\/fr\/wp-json\/wp\/v2\/types\/page"}],"author":[{"embeddable":true,"href":"https:\/\/www.euralexgroup.com\/fr\/wp-json\/wp\/v2\/users\/2"}],"replies":[{"embeddable":true,"href":"https:\/\/www.euralexgroup.com\/fr\/wp-json\/wp\/v2\/comments?post=1076"}],"version-history":[{"count":4,"href":"https:\/\/www.euralexgroup.com\/fr\/wp-json\/wp\/v2\/pages\/1076\/revisions"}],"predecessor-version":[{"id":1625,"href":"https:\/\/www.euralexgroup.com\/fr\/wp-json\/wp\/v2\/pages\/1076\/revisions\/1625"}],"up":[{"embeddable":true,"href":"https:\/\/www.euralexgroup.com\/fr\/wp-json\/wp\/v2\/pages\/1070"}],"wp:attachment":[{"href":"https:\/\/www.euralexgroup.com\/fr\/wp-json\/wp\/v2\/media?parent=1076"}],"curies":[{"name":"wp","href":"https:\/\/api.w.org\/{rel}","templated":true}]}}